{"id":251,"date":"2023-12-01T11:07:49","date_gmt":"2023-12-01T10:07:49","guid":{"rendered":"https:\/\/aldaestetica.com\/contacte\/"},"modified":"2023-12-05T10:59:58","modified_gmt":"2023-12-05T09:59:58","slug":"contacto","status":"publish","type":"page","link":"https:\/\/aldaestetica.com\/es\/contacto\/","title":{"rendered":"Contacto"},"content":{"rendered":"\n<div class=\"wp-block-group alignfull is-layout-flow wp-block-group-is-layout-flow\">\t\t<div id=\"wpmapblock_3de74545\" data-settings='{&quot;map_marker&quot;:[{&quot;lat&quot;:&quot;41.4727359&quot;,&quot;lng&quot;:&quot;2.0814006&quot;,&quot;title&quot;:&quot;Alda Est\\u00e9tica - Sant Cugat&quot;,&quot;content&quot;:&quot;Avenida de Catalu\\u00f1a, 10&amp;lt;br&amp;gt;\\n08172 Sant Cugat del Vall\\u00e9s, Barcelona&amp;lt;br&amp;gt;\\nTel. 93 589 03 12&amp;lt;br&amp;gt;\\n&amp;lt;a href=&amp;quot;https:\\\/\\\/www.google.com\\\/maps\\\/place\\\/Alda+Est%C3%A8tica+-+Sant+Cugat\\\/@41.4727359,2.0814006,15z\\\/data=!4m6!3m5!1s0x12a497051f4f3c3d:0xc38d65ae5611ed66!8m2!3d41.4727359!4d2.0814006!16s%2Fg%2F11v48pyh3v?entry=ttu&amp;quot; target=&amp;quot;_blank&amp;quot;&amp;gt;Ver en GoogleMaps&amp;lt;\\\/a&amp;gt;&quot;,&quot;iconType&quot;:&quot;default&quot;,&quot;customIconUrl&quot;:&quot;&quot;,&quot;customIconWidth&quot;:&quot;25&quot;,&quot;customIconHeight&quot;:&quot;40&quot;},{&quot;lat&quot;:&quot;41.6289725&quot;,&quot;lng&quot;:&quot;2.297632&quot;,&quot;title&quot;:&quot;Alda Est\\u00e9tica - Las Franquesas del Vall\\u00e8s&quot;,&quot;content&quot;:&quot;Calle C\\u00e9llecs, 9&amp;lt;br&amp;gt;\\n08520 Corr\\u00f3 d&amp;#039;Avall - Barcelona&amp;lt;br&amp;gt;\\nTel. 93 382 78 22&amp;lt;br&amp;gt;\\n&amp;lt;a href=&amp;quot;https:\\\/\\\/www.google.com\\\/maps\\\/place\\\/ALDA+EST%C3%88TICA+-+LES+FRANQUESES+DEL+VALL%C3%88S\\\/@41.6289725,2.297632,15z\\\/data=!4m6!3m5!1s0x12a4c74eab0d33af:0xeed00f5b930e3474!8m2!3d41.6289725!4d2.297632!16s%2Fg%2F11f9xp6d4c?entry=ttu&amp;quot; target=&amp;quot;_blank&amp;quot;&amp;gt;Ver en GoogleMaps&amp;lt;\\\/a&amp;gt;&quot;,&quot;iconType&quot;:&quot;default&quot;,&quot;customIconUrl&quot;:&quot;&quot;,&quot;customIconWidth&quot;:&quot;25&quot;,&quot;customIconHeight&quot;:&quot;40&quot;}],&quot;map_zoom&quot;:10,&quot;scroll_wheel_zoom&quot;:false,&quot;map_type&quot;:&quot;GM&quot;,&quot;center_index&quot;:0}' class=\"wpmapblockrender\" style=\"\n\t\t\twidth: 100%;\n\t\t\theight: 500px;\n\t\t\"><\/div>\n        <\/div>\n\n\n\n<div class=\"wp-block-group alignfull is-style-section cabecera-pagina-wrapper is-layout-constrained wp-block-group-is-layout-constrained\">\n<div class=\"wp-block-group aligncenter cabecera-pagina is-layout-flow wp-block-group-is-layout-flow\"><h1 class=\"has-text-align-center cabecera-pagina__titulo wp-block-post-title has-huge-font-size has-headers-font-family\">Contacto<\/h1><\/div>\n<\/div>\n\n\n\n<div class=\"wp-block-group alignwide contacte is-layout-constrained wp-block-group-is-layout-constrained\">\n<div class=\"wp-block-columns contacte__columnes is-layout-flex wp-container-core-columns-layout-1 wp-block-columns-is-layout-flex\">\n<div class=\"wp-block-column contacte__columna-esquerra is-layout-flow wp-block-column-is-layout-flow\" style=\"flex-basis:33.33%\">\n<div class=\"wp-block-group contacte__centre is-vertical is-layout-flex wp-container-core-group-layout-4 wp-block-group-is-layout-flex\">\n<h4 class=\"wp-block-heading\">Alda est\u00e9tica &#8211; Las Franquesas<\/h4>\n\n\n\n<p>Calle C\u00e9llecs 9, local 2<br>08520 &#8211; Las Franquesas del Vall\u00e9s<br>Tel: <a href=\"tel:933827822\">93 382 78 22<\/a><br>email: <a href=\"mailto:info@aldaestetica.com\">info@aldaestetica.com<\/a><\/p>\n\n\n\n<h5 class=\"wp-block-heading\"><strong>HORARI<\/strong>O<\/h5>\n\n\n\n<p><strong>Lunes<\/strong>: Cerrado<br><strong>De martes a viernes<\/strong>:<br>Ma\u00f1anas de 9.30 a 13.30h<br>Tardes de 15.30 a 19.30h<br><strong>Sabados<\/strong>:<br>Ma\u00f1anas de 9.30 a 13.30h<br><br><\/p>\n<\/div>\n\n\n\n<div class=\"wp-block-group contacte__centre is-vertical is-layout-flex wp-container-core-group-layout-5 wp-block-group-is-layout-flex\">\n<h4 class=\"wp-block-heading\">Alda est\u00e9tica &#8211; Sant Cugat<\/h4>\n\n\n\n<p>Avenida de Catalu\u00f1a 10 (local 2)<br>08172 &#8211; Sant Cugat del Vall\u00e9s<br>Tel: <a href=\"tel:935890312\">93 589 03 12<\/a><br>email: <a href=\"mailto:info@aldaestetica.com\">info@aldaestetica.com<\/a><\/p>\n\n\n\n<h5 class=\"wp-block-heading\"><strong>HORARI<\/strong>O<\/h5>\n\n\n\n<p><strong>De lunes a viernes<\/strong>:<br>De 10.00 a 20.00h<br><strong>Sabados<\/strong>:<br>Ma\u00f1anas de 10.00 a 14.00h<br><br><\/p>\n<\/div>\n<\/div>\n\n\n\n<div class=\"wp-block-column contacte__columna-dreta is-layout-flow wp-block-column-is-layout-flow\" style=\"flex-basis:66.66%\">\n<div class=\"wp-block-contact-form-7-contact-form-selector contacte__formulari\">\n<div class=\"wpcf7 no-js\" id=\"wpcf7-f252-o1\" lang=\"es-ES\" dir=\"ltr\">\n<div class=\"screen-reader-response\"><p role=\"status\" aria-live=\"polite\" aria-atomic=\"true\"><\/p> <ul><\/ul><\/div>\n<form action=\"\/es\/wp-json\/wp\/v2\/pages\/251#wpcf7-f252-o1\" method=\"post\" class=\"wpcf7-form init\" aria-label=\"Formulario de contacto\" novalidate=\"novalidate\" data-status=\"init\">\n<div style=\"display: none;\">\n<input type=\"hidden\" name=\"_wpcf7\" value=\"252\" \/>\n<input type=\"hidden\" name=\"_wpcf7_version\" value=\"5.8.4\" \/>\n<input type=\"hidden\" name=\"_wpcf7_locale\" value=\"es_ES\" \/>\n<input type=\"hidden\" name=\"_wpcf7_unit_tag\" value=\"wpcf7-f252-o1\" \/>\n<input type=\"hidden\" name=\"_wpcf7_container_post\" value=\"0\" \/>\n<input type=\"hidden\" name=\"_wpcf7_posted_data_hash\" value=\"\" \/>\n<\/div>\n<div class=\"form-field\">\n\t<h3>\n\t\tFormulario de contacto\n\t<\/h3>\n<\/div>\n<div class=\"form-field\">\n\t<label for=\"name-surname\">Nombre y apellidos <span class=\"required\">*<\/span><\/label>\n\t<span class=\"wpcf7-form-control-wrap\" data-name=\"name-surname\"><input size=\"40\" class=\"wpcf7-form-control wpcf7-text wpcf7-validates-as-required\" id=\"name-surname\" aria-required=\"true\" aria-invalid=\"false\" value=\"\" type=\"text\" name=\"name-surname\" \/><\/span>\n<\/div>\n<div class=\"form-field\">\n\t<label for=\"email\">Direcci\u00f3n de correo electr\u00f3nico <span class=\"required\">*<\/span><\/label>\n\t<span class=\"wpcf7-form-control-wrap\" data-name=\"email\"><input size=\"40\" class=\"wpcf7-form-control wpcf7-email wpcf7-validates-as-required wpcf7-text wpcf7-validates-as-email\" id=\"email\" aria-required=\"true\" aria-invalid=\"false\" value=\"\" type=\"email\" name=\"email\" \/><\/span>\n<\/div>\n<div class=\"form-field\">\n\t<label for=\"telephone\">Tel\u00e9fono de contacto<\/label>\n\t<span class=\"wpcf7-form-control-wrap\" data-name=\"telephone\"><input size=\"40\" class=\"wpcf7-form-control wpcf7-tel wpcf7-validates-as-required wpcf7-text wpcf7-validates-as-tel\" id=\"telephone\" aria-required=\"true\" aria-invalid=\"false\" value=\"\" type=\"tel\" name=\"telephone\" \/><\/span>\n<\/div>\n<div class=\"form-field\">\n\t<label for=\"centre\">Centro al que va dirigido este mensaje:<\/label>\n\t<div class=\"select\">\n\t\t<span class=\"wpcf7-form-control-wrap\" data-name=\"centre\"><select class=\"wpcf7-form-control wpcf7-select\" aria-invalid=\"false\" name=\"centre\"><option value=\"Sant Cugat del Vall\u00e8s\">Sant Cugat del Vall\u00e8s<\/option><option value=\"Les Franqueses del Vall\u00e8s\">Les Franqueses del Vall\u00e8s<\/option><\/select><\/span>\n\t<\/div>\n<\/div>\n<div class=\"form-field\">\n\t<label for=\"message\">El teu missatge<\/label>\n\t<span class=\"wpcf7-form-control-wrap\" data-name=\"message\"><textarea cols=\"40\" rows=\"10\" class=\"wpcf7-form-control wpcf7-textarea wpcf7-validates-as-required\" id=\"message\" aria-required=\"true\" aria-invalid=\"false\" name=\"message\"><\/textarea><\/span>\n<\/div>\n<div class=\"form-field\">\n\t<label for=\"privacy-policy\">Pol\u00edtica de privacidad<\/label>\n\t<span class=\"wpcf7-form-control-wrap\" data-name=\"privacy-policy\"><span class=\"wpcf7-form-control wpcf7-acceptance\"><span class=\"wpcf7-list-item\"><label><input type=\"checkbox\" name=\"privacy-policy\" value=\"1\" id=\"privacy-policy\" aria-invalid=\"false\" \/><span class=\"wpcf7-list-item-label\">Autorizo a \"Alda Est\u00e8tica\" a utilizar mis datos de acuerdo con la finalidad des este formulario<\/span><\/label><\/span><\/span><\/span>\n<\/div>\n<span id=\"wpcf7-69f976a071047-wrapper\" class=\"wpcf7-form-control-wrap subject-wrap\" style=\"display:none !important; visibility:hidden !important;\"><label for=\"wpcf7-69f976a071047-field\" class=\"hp-message\">Por favor, deja este campo vac\u00edo.<\/label><input id=\"wpcf7-69f976a071047-field\"  class=\"wpcf7-form-control wpcf7-text\" type=\"text\" name=\"subject\" value=\"\" size=\"40\" tabindex=\"-1\" autocomplete=\"new-password\" \/><\/span>\n<div class=\"form-field\">\n\t<input class=\"wpcf7-form-control wpcf7-submit has-spinner\" type=\"submit\" value=\"Enviar\" \/>\n<\/div>\n<div class=\"form-field form-instructions\">\n\tEs obligatorio llenar los campos marvados con un aster\u00edsco <span class=\"required\">*<\/span>\n<\/div><div class=\"wpcf7-response-output\" aria-hidden=\"true\"><\/div>\n<\/form>\n<\/div>\n<\/div>\n<\/div>\n<\/div>\n<\/div>\n","protected":false},"excerpt":{"rendered":"<p>Alda est\u00e9tica &#8211; Las Franquesas Calle C\u00e9llecs 9, local 208520 &#8211; Las Franquesas del Vall\u00e9sTel: 93 382 78 22email: info@aldaestetica.com HORARIO Lunes: CerradoDe martes a viernes:Ma\u00f1anas de 9.30 a 13.30hTardes de 15.30 a 19.30hSabados:Ma\u00f1anas de 9.30 a 13.30h Alda est\u00e9tica &#8211; Sant Cugat Avenida de Catalu\u00f1a 10 (local 2)08172 &#8211; Sant Cugat del Vall\u00e9sTel: 93 [&hellip;]<\/p>\n","protected":false},"author":1,"featured_media":0,"parent":0,"menu_order":24,"comment_status":"closed","ping_status":"closed","template":"","meta":{"_seopress_robots_primary_cat":"","inline_featured_image":false,"footnotes":""},"_links":{"self":[{"href":"https:\/\/aldaestetica.com\/es\/wp-json\/wp\/v2\/pages\/251"}],"collection":[{"href":"https:\/\/aldaestetica.com\/es\/wp-json\/wp\/v2\/pages"}],"about":[{"href":"https:\/\/aldaestetica.com\/es\/wp-json\/wp\/v2\/types\/page"}],"author":[{"embeddable":true,"href":"https:\/\/aldaestetica.com\/es\/wp-json\/wp\/v2\/users\/1"}],"replies":[{"embeddable":true,"href":"https:\/\/aldaestetica.com\/es\/wp-json\/wp\/v2\/comments?post=251"}],"version-history":[{"count":0,"href":"https:\/\/aldaestetica.com\/es\/wp-json\/wp\/v2\/pages\/251\/revisions"}],"wp:attachment":[{"href":"https:\/\/aldaestetica.com\/es\/wp-json\/wp\/v2\/media?parent=251"}],"curies":[{"name":"wp","href":"https:\/\/api.w.org\/{rel}","templated":true}]}}