{"id":258,"date":"2023-12-01T11:32:02","date_gmt":"2023-12-01T10:32:02","guid":{"rendered":"https:\/\/aldaestetica.com\/tractaments\/facials\/"},"modified":"2024-04-08T14:53:56","modified_gmt":"2024-04-08T12:53:56","slug":"faciales","status":"publish","type":"page","link":"https:\/\/aldaestetica.com\/es\/tratamientos\/faciales\/","title":{"rendered":"Tratamientos faciales"},"content":{"rendered":"\n<div class=\"wp-block-group alignfull is-style-section cabecera-pagina-wrapper is-layout-constrained wp-block-group-is-layout-constrained\">\n<div class=\"wp-block-group aligncenter cabecera-pagina is-layout-flow wp-block-group-is-layout-flow\"><h1 class=\"has-text-align-center cabecera-pagina__titulo wp-block-post-title has-huge-font-size has-headers-font-family\">Tratamientos faciales<\/h1>\n\n\n<p class=\"has-text-align-center has-medium-font-size\">Sum\u00e9rgete en la excelencia de nuestros tratamientos faciales, donde la<br>innovaci\u00f3n y el cuidado se unen para resaltar tu belleza natural.<\/p>\n<\/div>\n<\/div>\n\n\n\n<section class=\"wp-block-group alignwide is-style-section tractaments__wrapper is-layout-constrained wp-block-group-is-layout-constrained\">\n<div class=\"wp-block-group alignwide tractaments is-horizontal is-layout-flex wp-container-core-group-layout-30 wp-block-group-is-layout-flex\" style=\"padding-top:var(--wp--preset--spacing--40);padding-bottom:var(--wp--preset--spacing--40)\">\n<div class=\"wp-block-group tractaments__item is-layout-constrained wp-block-group-is-layout-constrained\">\n<div class=\"wp-block-group tractaments__item__inner has-gray-light-background-color has-background is-nowrap is-layout-flex wp-container-core-group-layout-4 wp-block-group-is-layout-flex\">\n<figure class=\"wp-block-image size-medium tractaments__item__imatge\"><img loading=\"lazy\" decoding=\"async\" width=\"368\" height=\"500\" src=\"https:\/\/aldaestetica.com\/wp-content\/uploads\/2023\/12\/indiba-deep-beauty-368x500.jpg\" alt=\"Indiba Deep Beauty\" class=\"wp-image-61\" style=\"aspect-ratio:3\/4;object-fit:cover\" srcset=\"https:\/\/aldaestetica.com\/wp-content\/uploads\/2023\/12\/indiba-deep-beauty-368x500.jpg 368w, https:\/\/aldaestetica.com\/wp-content\/uploads\/2023\/12\/indiba-deep-beauty-50x68.jpg 50w, https:\/\/aldaestetica.com\/wp-content\/uploads\/2023\/12\/indiba-deep-beauty-221x300.jpg 221w, https:\/\/aldaestetica.com\/wp-content\/uploads\/2023\/12\/indiba-deep-beauty.jpg 573w\" sizes=\"(max-width: 368px) 100vw, 368px\" \/><\/figure>\n\n\n\n<div class=\"wp-block-group tractaments__item__text is-vertical is-layout-flex wp-container-core-group-layout-3 wp-block-group-is-layout-flex\">\n<h2 class=\"wp-block-heading tractaments__item__title\" style=\"font-weight:700\">Indiba Deep Beauty<\/h2>\n\n\n\n<p class=\"tractaments__item__description\">Tratamiento para activar la producci\u00f3n de elastina, favoreciendo la reducci\u00f3n de la grasa y la reafirmaci\u00f3n de la piel.<\/p>\n\n\n\n<p class=\"tractaments__item__duration\"><strong>Duraci\u00f3n 60&#8242;<\/strong><\/p>\n<\/div>\n<\/div>\n<\/div>\n\n\n\n<div class=\"wp-block-group tractaments__item is-layout-constrained wp-block-group-is-layout-constrained\">\n<div class=\"wp-block-group tractaments__item__inner has-gray-light-background-color has-background is-nowrap is-layout-flex wp-container-core-group-layout-7 wp-block-group-is-layout-flex\">\n<figure class=\"wp-block-image size-medium tractaments__item__imatge\"><img loading=\"lazy\" decoding=\"async\" width=\"500\" height=\"375\" src=\"https:\/\/aldaestetica.com\/wp-content\/uploads\/2023\/12\/viora-reaction-500x375.jpg\" alt=\"Viora Reaction\" class=\"wp-image-63\" style=\"aspect-ratio:3\/4;object-fit:cover\" srcset=\"https:\/\/aldaestetica.com\/wp-content\/uploads\/2023\/12\/viora-reaction-500x375.jpg 500w, https:\/\/aldaestetica.com\/wp-content\/uploads\/2023\/12\/viora-reaction-768x576.jpg 768w, https:\/\/aldaestetica.com\/wp-content\/uploads\/2023\/12\/viora-reaction-50x38.jpg 50w, https:\/\/aldaestetica.com\/wp-content\/uploads\/2023\/12\/viora-reaction-1600x1201.jpg 1600w, https:\/\/aldaestetica.com\/wp-content\/uploads\/2023\/12\/viora-reaction-1536x1153.jpg 1536w, https:\/\/aldaestetica.com\/wp-content\/uploads\/2023\/12\/viora-reaction-300x225.jpg 300w, https:\/\/aldaestetica.com\/wp-content\/uploads\/2023\/12\/viora-reaction.jpg 2000w\" sizes=\"(max-width: 500px) 100vw, 500px\" \/><\/figure>\n\n\n\n<div class=\"wp-block-group tractaments__item__text is-vertical is-layout-flex wp-container-core-group-layout-6 wp-block-group-is-layout-flex\">\n<h2 class=\"wp-block-heading tractaments__item__title\" style=\"font-weight:700\">Viora Reaction<\/h2>\n\n\n\n<p class=\"tractaments__item__description\">Tratamiento para corregir bolsas y ojeras, disimula las arrugas o linieas de expresi\u00f3n adem\u00e1s de reducir la grassa ubicada en el ment\u00f3n y la papada.<\/p>\n\n\n\n<p class=\"tractaments__item__duration\"><strong><strong>Duraci\u00f3n<\/strong> 60&#8242;<\/strong><\/p>\n<\/div>\n<\/div>\n<\/div>\n\n\n\n<div class=\"wp-block-group tractaments__item is-layout-constrained wp-block-group-is-layout-constrained\">\n<div class=\"wp-block-group tractaments__item__inner has-gray-light-background-color has-background is-nowrap is-layout-flex wp-container-core-group-layout-10 wp-block-group-is-layout-flex\">\n<figure class=\"wp-block-image size-medium tractaments__item__imatge\"><img loading=\"lazy\" decoding=\"async\" width=\"365\" height=\"500\" src=\"https:\/\/aldaestetica.com\/wp-content\/uploads\/2023\/12\/pressoterapia-iridium-365x500.jpg\" alt=\"Pressoterapia IRIDIUM\" class=\"wp-image-66\" style=\"aspect-ratio:3\/4;object-fit:cover\" srcset=\"https:\/\/aldaestetica.com\/wp-content\/uploads\/2023\/12\/pressoterapia-iridium-365x500.jpg 365w, https:\/\/aldaestetica.com\/wp-content\/uploads\/2023\/12\/pressoterapia-iridium-50x69.jpg 50w, https:\/\/aldaestetica.com\/wp-content\/uploads\/2023\/12\/pressoterapia-iridium-219x300.jpg 219w, https:\/\/aldaestetica.com\/wp-content\/uploads\/2023\/12\/pressoterapia-iridium.jpg 696w\" sizes=\"(max-width: 365px) 100vw, 365px\" \/><\/figure>\n\n\n\n<div class=\"wp-block-group tractaments__item__text is-vertical is-layout-flex wp-container-core-group-layout-9 wp-block-group-is-layout-flex\">\n<h2 class=\"wp-block-heading tractaments__item__title\" style=\"font-weight:700\">Pressoterapia IRIDIUM<\/h2>\n\n\n\n<p class=\"tractaments__item__description\">A trav\u00e9s de un masaje vibrante inteligente, generamos calor y aliviamos la zona del contorno de ojos, haciendo que las bolsas y arrugas aparezcan visiblemente reducidas.<\/p>\n\n\n\n<p class=\"tractaments__item__duration\"><strong><strong>Duraci\u00f3n<\/strong> 60&#8242;<\/strong><\/p>\n<\/div>\n<\/div>\n<\/div>\n\n\n\n<div class=\"wp-block-group tractaments__item is-layout-constrained wp-block-group-is-layout-constrained\">\n<div class=\"wp-block-group tractaments__item__inner has-gray-light-background-color has-background is-nowrap is-layout-flex wp-container-core-group-layout-13 wp-block-group-is-layout-flex\">\n<figure class=\"wp-block-image size-medium tractaments__item__imatge\"><img loading=\"lazy\" decoding=\"async\" width=\"456\" height=\"500\" src=\"https:\/\/aldaestetica.com\/wp-content\/uploads\/2023\/12\/biophyto-456x500.jpg\" alt=\"Biophyto\" class=\"wp-image-68\" style=\"aspect-ratio:3\/4;object-fit:cover\" srcset=\"https:\/\/aldaestetica.com\/wp-content\/uploads\/2023\/12\/biophyto-456x500.jpg 456w, https:\/\/aldaestetica.com\/wp-content\/uploads\/2023\/12\/biophyto-50x55.jpg 50w, https:\/\/aldaestetica.com\/wp-content\/uploads\/2023\/12\/biophyto-274x300.jpg 274w, https:\/\/aldaestetica.com\/wp-content\/uploads\/2023\/12\/biophyto.jpg 671w\" sizes=\"(max-width: 456px) 100vw, 456px\" \/><\/figure>\n\n\n\n<div class=\"wp-block-group tractaments__item__text is-vertical is-layout-flex wp-container-core-group-layout-12 wp-block-group-is-layout-flex\">\n<h2 class=\"wp-block-heading tractaments__item__title\" style=\"font-weight:700\">Biophyto<\/h2>\n\n\n\n<p class=\"tractaments__item__description\">Tratamiento equilibrante para una piel saludable&nbsp;24\/7<\/p>\n\n\n\n<p class=\"tractaments__item__duration\"><strong><strong>Duraci\u00f3n<\/strong> 60&#8242;<\/strong><\/p>\n<\/div>\n<\/div>\n<\/div>\n\n\n\n<div class=\"wp-block-group tractaments__item is-layout-constrained wp-block-group-is-layout-constrained\">\n<div class=\"wp-block-group tractaments__item__inner has-gray-light-background-color has-background is-nowrap is-layout-flex wp-container-core-group-layout-16 wp-block-group-is-layout-flex\">\n<figure class=\"wp-block-image size-medium tractaments__item__imatge\"><img loading=\"lazy\" decoding=\"async\" width=\"357\" height=\"500\" src=\"https:\/\/aldaestetica.com\/wp-content\/uploads\/2023\/12\/chateau-de-beaute-357x500.jpg\" alt=\"Chateau de Beaute\" class=\"wp-image-70\" style=\"aspect-ratio:3\/4;object-fit:cover\" srcset=\"https:\/\/aldaestetica.com\/wp-content\/uploads\/2023\/12\/chateau-de-beaute-357x500.jpg 357w, https:\/\/aldaestetica.com\/wp-content\/uploads\/2023\/12\/chateau-de-beaute-50x70.jpg 50w, https:\/\/aldaestetica.com\/wp-content\/uploads\/2023\/12\/chateau-de-beaute-214x300.jpg 214w, https:\/\/aldaestetica.com\/wp-content\/uploads\/2023\/12\/chateau-de-beaute.jpg 504w\" sizes=\"(max-width: 357px) 100vw, 357px\" \/><\/figure>\n\n\n\n<div class=\"wp-block-group tractaments__item__text is-vertical is-layout-flex wp-container-core-group-layout-15 wp-block-group-is-layout-flex\">\n<h2 class=\"wp-block-heading tractaments__item__title\" style=\"font-weight:700\">Chateau de Beaute<\/h2>\n\n\n\n<p class=\"tractaments__item__description\">Tratamiento intensivo energizante y rejuvenecedor.<\/p>\n\n\n\n<p class=\"tractaments__item__duration\"><strong><strong>Duraci\u00f3n<\/strong> 60&#8242;<\/strong><\/p>\n<\/div>\n<\/div>\n<\/div>\n\n\n\n<div class=\"wp-block-group tractaments__item is-layout-constrained wp-block-group-is-layout-constrained\">\n<div class=\"wp-block-group tractaments__item__inner has-gray-light-background-color has-background is-nowrap is-layout-flex wp-container-core-group-layout-19 wp-block-group-is-layout-flex\">\n<figure class=\"wp-block-image size-medium tractaments__item__imatge\"><img loading=\"lazy\" decoding=\"async\" width=\"447\" height=\"500\" src=\"https:\/\/aldaestetica.com\/wp-content\/uploads\/2023\/12\/forever-young-447x500.jpg\" alt=\"Forever young\" class=\"wp-image-73\" style=\"aspect-ratio:3\/4;object-fit:cover\" srcset=\"https:\/\/aldaestetica.com\/wp-content\/uploads\/2023\/12\/forever-young-447x500.jpg 447w, https:\/\/aldaestetica.com\/wp-content\/uploads\/2023\/12\/forever-young-50x56.jpg 50w, https:\/\/aldaestetica.com\/wp-content\/uploads\/2023\/12\/forever-young-268x300.jpg 268w, https:\/\/aldaestetica.com\/wp-content\/uploads\/2023\/12\/forever-young.jpg 560w\" sizes=\"(max-width: 447px) 100vw, 447px\" \/><\/figure>\n\n\n\n<div class=\"wp-block-group tractaments__item__text is-vertical is-layout-flex wp-container-core-group-layout-18 wp-block-group-is-layout-flex\">\n<h2 class=\"wp-block-heading tractaments__item__title\" style=\"font-weight:700\">Forever young<\/h2>\n\n\n\n<p class=\"tractaments__item__description\">Tratamiento integral antienvejecimiento.<\/p>\n\n\n\n<p class=\"tractaments__item__duration\"><strong><strong>Duraci\u00f3n<\/strong> 60&#8242;<\/strong><\/p>\n<\/div>\n<\/div>\n<\/div>\n\n\n\n<div class=\"wp-block-group tractaments__item is-layout-constrained wp-block-group-is-layout-constrained\">\n<div class=\"wp-block-group tractaments__item__inner has-gray-light-background-color has-background is-nowrap is-layout-flex wp-container-core-group-layout-22 wp-block-group-is-layout-flex\">\n<figure class=\"wp-block-image size-medium tractaments__item__imatge\"><img loading=\"lazy\" decoding=\"async\" width=\"404\" height=\"500\" src=\"https:\/\/aldaestetica.com\/wp-content\/uploads\/2023\/12\/wish-404x500.jpg\" alt=\"Wish\" class=\"wp-image-75\" style=\"aspect-ratio:3\/4;object-fit:cover\" srcset=\"https:\/\/aldaestetica.com\/wp-content\/uploads\/2023\/12\/wish-404x500.jpg 404w, https:\/\/aldaestetica.com\/wp-content\/uploads\/2023\/12\/wish-50x62.jpg 50w, https:\/\/aldaestetica.com\/wp-content\/uploads\/2023\/12\/wish-243x300.jpg 243w, https:\/\/aldaestetica.com\/wp-content\/uploads\/2023\/12\/wish.jpg 588w\" sizes=\"(max-width: 404px) 100vw, 404px\" \/><\/figure>\n\n\n\n<div class=\"wp-block-group tractaments__item__text is-vertical is-layout-flex wp-container-core-group-layout-21 wp-block-group-is-layout-flex\">\n<h2 class=\"wp-block-heading tractaments__item__title\" style=\"font-weight:700\">Wish<\/h2>\n\n\n\n<p class=\"tractaments__item__description\">Tratamiento&nbsp;anti edat&nbsp;para la piel madura.<\/p>\n\n\n\n<p class=\"tractaments__item__duration\"><strong><strong>Duraci\u00f3n<\/strong> 60&#8242;<\/strong><\/p>\n<\/div>\n<\/div>\n<\/div>\n\n\n\n<div class=\"wp-block-group tractaments__item is-layout-constrained wp-block-group-is-layout-constrained\">\n<div class=\"wp-block-group tractaments__item__inner has-gray-light-background-color has-background is-nowrap is-layout-flex wp-container-core-group-layout-25 wp-block-group-is-layout-flex\">\n<figure class=\"wp-block-image size-medium tractaments__item__imatge\"><img loading=\"lazy\" decoding=\"async\" width=\"426\" height=\"500\" src=\"https:\/\/aldaestetica.com\/wp-content\/uploads\/2023\/12\/unstress-426x500.jpg\" alt=\"Unstress\" class=\"wp-image-78\" style=\"aspect-ratio:3\/4;object-fit:cover\" srcset=\"https:\/\/aldaestetica.com\/wp-content\/uploads\/2023\/12\/unstress-426x500.jpg 426w, https:\/\/aldaestetica.com\/wp-content\/uploads\/2023\/12\/unstress-50x59.jpg 50w, https:\/\/aldaestetica.com\/wp-content\/uploads\/2023\/12\/unstress-256x300.jpg 256w, https:\/\/aldaestetica.com\/wp-content\/uploads\/2023\/12\/unstress.jpg 547w\" sizes=\"(max-width: 426px) 100vw, 426px\" \/><\/figure>\n\n\n\n<div class=\"wp-block-group tractaments__item__text is-vertical is-layout-flex wp-container-core-group-layout-24 wp-block-group-is-layout-flex\">\n<h2 class=\"wp-block-heading tractaments__item__title\" style=\"font-weight:700\">Unstress<\/h2>\n\n\n\n<p class=\"tractaments__item__description\">Tratamiento integral para pieles estresadas.<\/p>\n\n\n\n<p class=\"tractaments__item__duration\"><strong><strong>Duraci\u00f3n<\/strong> 60&#8242;<\/strong><\/p>\n<\/div>\n<\/div>\n<\/div>\n\n\n\n<div class=\"wp-block-group tractaments__item is-layout-constrained wp-block-group-is-layout-constrained\">\n<div class=\"wp-block-group tractaments__item__inner has-gray-light-background-color has-background is-nowrap is-layout-flex wp-container-core-group-layout-28 wp-block-group-is-layout-flex\">\n<figure class=\"wp-block-image size-medium tractaments__item__imatge\"><img loading=\"lazy\" decoding=\"async\" width=\"415\" height=\"500\" src=\"https:\/\/aldaestetica.com\/wp-content\/uploads\/2023\/12\/illustrus-415x500.jpg\" alt=\"Ilustrus\" class=\"wp-image-82\" style=\"aspect-ratio:3\/4;object-fit:cover\" srcset=\"https:\/\/aldaestetica.com\/wp-content\/uploads\/2023\/12\/illustrus-415x500.jpg 415w, https:\/\/aldaestetica.com\/wp-content\/uploads\/2023\/12\/illustrus-50x60.jpg 50w, https:\/\/aldaestetica.com\/wp-content\/uploads\/2023\/12\/illustrus-249x300.jpg 249w, https:\/\/aldaestetica.com\/wp-content\/uploads\/2023\/12\/illustrus.jpg 566w\" sizes=\"(max-width: 415px) 100vw, 415px\" \/><\/figure>\n\n\n\n<div class=\"wp-block-group tractaments__item__text is-vertical is-layout-flex wp-container-core-group-layout-27 wp-block-group-is-layout-flex\">\n<h2 class=\"wp-block-heading tractaments__item__title\" style=\"font-weight:700\">Ilustrus<\/h2>\n\n\n\n<p class=\"tractaments__item__description\">Tratamiento para combatir la hiperpigmentaci\u00f3n.<\/p>\n\n\n\n<p class=\"tractaments__item__duration\"><strong><strong>Duraci\u00f3n<\/strong> 60&#8242;<\/strong><\/p>\n<\/div>\n<\/div>\n<\/div>\n<\/div>\n<\/section>\n","protected":false},"excerpt":{"rendered":"<p>Sum\u00e9rgete en la excelencia de nuestros tratamientos faciales, donde lainnovaci\u00f3n y el cuidado se unen para resaltar tu belleza natural. Indiba Deep Beauty Tratamiento para activar la producci\u00f3n de elastina, favoreciendo la reducci\u00f3n de la grasa y la reafirmaci\u00f3n de la piel. Duraci\u00f3n 60&#8242; Viora Reaction Tratamiento para corregir bolsas y ojeras, disimula las arrugas [&hellip;]<\/p>\n","protected":false},"author":1,"featured_media":0,"parent":257,"menu_order":7,"comment_status":"closed","ping_status":"closed","template":"","meta":{"_seopress_robots_primary_cat":"","inline_featured_image":false,"footnotes":""},"_links":{"self":[{"href":"https:\/\/aldaestetica.com\/es\/wp-json\/wp\/v2\/pages\/258"}],"collection":[{"href":"https:\/\/aldaestetica.com\/es\/wp-json\/wp\/v2\/pages"}],"about":[{"href":"https:\/\/aldaestetica.com\/es\/wp-json\/wp\/v2\/types\/page"}],"author":[{"embeddable":true,"href":"https:\/\/aldaestetica.com\/es\/wp-json\/wp\/v2\/users\/1"}],"replies":[{"embeddable":true,"href":"https:\/\/aldaestetica.com\/es\/wp-json\/wp\/v2\/comments?post=258"}],"version-history":[{"count":0,"href":"https:\/\/aldaestetica.com\/es\/wp-json\/wp\/v2\/pages\/258\/revisions"}],"up":[{"embeddable":true,"href":"https:\/\/aldaestetica.com\/es\/wp-json\/wp\/v2\/pages\/257"}],"wp:attachment":[{"href":"https:\/\/aldaestetica.com\/es\/wp-json\/wp\/v2\/media?parent=258"}],"curies":[{"name":"wp","href":"https:\/\/api.w.org\/{rel}","templated":true}]}}