{"id":260,"date":"2023-12-01T11:32:43","date_gmt":"2023-12-01T10:32:43","guid":{"rendered":"https:\/\/aldaestetica.com\/tractaments\/massatges-i-rituals\/"},"modified":"2023-12-11T16:24:45","modified_gmt":"2023-12-11T15:24:45","slug":"masajes-y-rituales","status":"publish","type":"page","link":"https:\/\/aldaestetica.com\/es\/tratamientos\/masajes-y-rituales\/","title":{"rendered":"Masajes y rituales"},"content":{"rendered":"\n<div class=\"wp-block-group alignfull is-style-section cabecera-pagina-wrapper is-layout-constrained wp-block-group-is-layout-constrained\">\n<div class=\"wp-block-group aligncenter cabecera-pagina is-layout-flow wp-block-group-is-layout-flow\"><h1 class=\"has-text-align-center cabecera-pagina__titulo wp-block-post-title has-huge-font-size has-headers-font-family\">Masajes y rituales<\/h1><\/div>\n<\/div>\n\n\n\n<section class=\"wp-block-group alignwide is-style-section tractaments__wrapper is-layout-constrained wp-block-group-is-layout-constrained\">\n<div class=\"wp-block-group alignwide tractaments is-horizontal is-layout-flex wp-container-core-group-layout-36 wp-block-group-is-layout-flex\">\n<div class=\"wp-block-group tractaments__item is-layout-constrained wp-block-group-is-layout-constrained\">\n<div class=\"wp-block-group tractaments__item__inner has-gray-light-background-color has-background is-nowrap is-layout-flex wp-container-core-group-layout-4 wp-block-group-is-layout-flex\">\n<figure class=\"wp-block-image size-medium tractaments__item__imatge\"><img loading=\"lazy\" decoding=\"async\" width=\"500\" height=\"361\" src=\"https:\/\/aldaestetica.com\/wp-content\/uploads\/2023\/12\/relaxant-amb-olis-esencials-500x361.jpg\" alt=\"Relajante con aceites esenciales\" class=\"wp-image-108\" style=\"aspect-ratio:3\/4;object-fit:cover\" srcset=\"https:\/\/aldaestetica.com\/wp-content\/uploads\/2023\/12\/relaxant-amb-olis-esencials-500x361.jpg 500w, https:\/\/aldaestetica.com\/wp-content\/uploads\/2023\/12\/relaxant-amb-olis-esencials-768x554.jpg 768w, https:\/\/aldaestetica.com\/wp-content\/uploads\/2023\/12\/relaxant-amb-olis-esencials-50x36.jpg 50w, https:\/\/aldaestetica.com\/wp-content\/uploads\/2023\/12\/relaxant-amb-olis-esencials-300x216.jpg 300w, https:\/\/aldaestetica.com\/wp-content\/uploads\/2023\/12\/relaxant-amb-olis-esencials.jpg 793w\" sizes=\"(max-width: 500px) 100vw, 500px\" \/><\/figure>\n\n\n\n<div class=\"wp-block-group tractaments__item__text is-vertical is-layout-flex wp-container-core-group-layout-3 wp-block-group-is-layout-flex\">\n<h2 class=\"wp-block-heading tractaments__item__title\">Relajante con aceites esenciales<\/h2>\n\n\n\n<p class=\"tractaments__item__description\">Tratamiento para aliviar la tensi\u00f3n y conseguir un estado de relajaci\u00f3n total.<\/p>\n\n\n\n<p class=\"tractaments__item__duration\"><strong>Duraci\u00f3n 60&#8242;<\/strong><\/p>\n<\/div>\n<\/div>\n<\/div>\n\n\n\n<div class=\"wp-block-group tractaments__item is-layout-constrained wp-block-group-is-layout-constrained\">\n<div class=\"wp-block-group tractaments__item__inner has-gray-light-background-color has-background is-nowrap is-layout-flex wp-container-core-group-layout-7 wp-block-group-is-layout-flex\">\n<figure class=\"wp-block-image size-full tractaments__item__imatge\"><img loading=\"lazy\" decoding=\"async\" width=\"470\" height=\"470\" src=\"https:\/\/aldaestetica.com\/wp-content\/uploads\/2023\/12\/relaxant-amb-pedres-volcaniques.jpg\" alt=\"Relajante con piedras\u00a0volc\u00e1nicas\" class=\"wp-image-110\" style=\"aspect-ratio:3\/4;object-fit:cover\" srcset=\"https:\/\/aldaestetica.com\/wp-content\/uploads\/2023\/12\/relaxant-amb-pedres-volcaniques.jpg 470w, https:\/\/aldaestetica.com\/wp-content\/uploads\/2023\/12\/relaxant-amb-pedres-volcaniques-150x150.jpg 150w, https:\/\/aldaestetica.com\/wp-content\/uploads\/2023\/12\/relaxant-amb-pedres-volcaniques-50x50.jpg 50w, https:\/\/aldaestetica.com\/wp-content\/uploads\/2023\/12\/relaxant-amb-pedres-volcaniques-300x300.jpg 300w\" sizes=\"(max-width: 470px) 100vw, 470px\" \/><\/figure>\n\n\n\n<div class=\"wp-block-group tractaments__item__text is-vertical is-layout-flex wp-container-core-group-layout-6 wp-block-group-is-layout-flex\">\n<h2 class=\"wp-block-heading tractaments__item__title\">Relajante con piedras&nbsp;volc\u00e1nicas<\/h2>\n\n\n\n<p class=\"tractaments__item__description\">Tratamiento tambi\u00e9n llamado como geotermal. Es un tratamiento que combina&nbsp;el masaje terap\u00e9utico con la aplicaci\u00f3n de piedras calientes.<\/p>\n\n\n\n<p class=\"tractaments__item__duration\"><strong>Duraci\u00f3n 60&#8242;<\/strong><\/p>\n<\/div>\n<\/div>\n<\/div>\n\n\n\n<div class=\"wp-block-group tractaments__item is-layout-constrained wp-block-group-is-layout-constrained\">\n<div class=\"wp-block-group tractaments__item__inner has-gray-light-background-color has-background is-nowrap is-layout-flex wp-container-core-group-layout-10 wp-block-group-is-layout-flex\">\n<figure class=\"wp-block-image size-medium tractaments__item__imatge\"><img loading=\"lazy\" decoding=\"async\" width=\"500\" height=\"400\" src=\"https:\/\/aldaestetica.com\/wp-content\/uploads\/2023\/12\/relaxant-amb-xocolata-500x400.jpg\" alt=\"Relajante con chocolate\" class=\"wp-image-112\" style=\"aspect-ratio:3\/4;object-fit:cover\" srcset=\"https:\/\/aldaestetica.com\/wp-content\/uploads\/2023\/12\/relaxant-amb-xocolata-500x400.jpg 500w, https:\/\/aldaestetica.com\/wp-content\/uploads\/2023\/12\/relaxant-amb-xocolata-50x40.jpg 50w, https:\/\/aldaestetica.com\/wp-content\/uploads\/2023\/12\/relaxant-amb-xocolata-300x240.jpg 300w, https:\/\/aldaestetica.com\/wp-content\/uploads\/2023\/12\/relaxant-amb-xocolata.jpg 680w\" sizes=\"(max-width: 500px) 100vw, 500px\" \/><\/figure>\n\n\n\n<div class=\"wp-block-group tractaments__item__text is-vertical is-layout-flex wp-container-core-group-layout-9 wp-block-group-is-layout-flex\">\n<h2 class=\"wp-block-heading tractaments__item__title\">Relajante con chocolate<\/h2>\n\n\n\n<p class=\"tractaments__item__description\">Tratamiento para tonificar, reminalizar, nutrir e hidratar nuestra piel.<\/p>\n\n\n\n<p class=\"tractaments__item__duration\"><strong>Duraci\u00f3n 60&#8242;<\/strong><\/p>\n<\/div>\n<\/div>\n<\/div>\n\n\n\n<div class=\"wp-block-group tractaments__item is-layout-constrained wp-block-group-is-layout-constrained\">\n<div class=\"wp-block-group tractaments__item__inner has-gray-light-background-color has-background is-nowrap is-layout-flex wp-container-core-group-layout-13 wp-block-group-is-layout-flex\">\n<figure class=\"wp-block-image size-medium tractaments__item__imatge\"><img loading=\"lazy\" decoding=\"async\" width=\"500\" height=\"500\" src=\"https:\/\/aldaestetica.com\/wp-content\/uploads\/2023\/12\/anticellulitic-reafirmant-circulatori-500x500.jpg\" alt=\"Anticelul\u00edtico, reafirmante y circulatorio\" class=\"wp-image-114\" style=\"aspect-ratio:3\/4;object-fit:cover\" srcset=\"https:\/\/aldaestetica.com\/wp-content\/uploads\/2023\/12\/anticellulitic-reafirmant-circulatori-500x500.jpg 500w, https:\/\/aldaestetica.com\/wp-content\/uploads\/2023\/12\/anticellulitic-reafirmant-circulatori-150x150.jpg 150w, https:\/\/aldaestetica.com\/wp-content\/uploads\/2023\/12\/anticellulitic-reafirmant-circulatori-50x50.jpg 50w, https:\/\/aldaestetica.com\/wp-content\/uploads\/2023\/12\/anticellulitic-reafirmant-circulatori-300x300.jpg 300w, https:\/\/aldaestetica.com\/wp-content\/uploads\/2023\/12\/anticellulitic-reafirmant-circulatori.jpg 600w\" sizes=\"(max-width: 500px) 100vw, 500px\" \/><\/figure>\n\n\n\n<div class=\"wp-block-group tractaments__item__text is-vertical is-layout-flex wp-container-core-group-layout-12 wp-block-group-is-layout-flex\">\n<h2 class=\"wp-block-heading tractaments__item__title\">Anticelul\u00edtico, reafirmante y circulatorio<\/h2>\n\n\n\n<p class=\"tractaments__item__description\">Tratamiento que combina&nbsp;fuertes manipulaciones para deshacer los n\u00f3dulos celuliticos&nbsp;con masaje para activar el riego sanguinieo y la limfa para conseguir una mejora de la flacidez de la piel y la celulitis.<\/p>\n\n\n\n<p class=\"tractaments__item__duration\"><strong>Duraci\u00f3n 60&#8242;<\/strong><\/p>\n<\/div>\n<\/div>\n<\/div>\n\n\n\n<div class=\"wp-block-group tractaments__item is-layout-constrained wp-block-group-is-layout-constrained\">\n<div class=\"wp-block-group tractaments__item__inner has-gray-light-background-color has-background is-nowrap is-layout-flex wp-container-core-group-layout-16 wp-block-group-is-layout-flex\">\n<figure class=\"wp-block-image size-medium tractaments__item__imatge\"><img loading=\"lazy\" decoding=\"async\" width=\"500\" height=\"333\" src=\"https:\/\/aldaestetica.com\/wp-content\/uploads\/2023\/12\/drenatge-linfatic-500x333.jpg\" alt=\"Drenaje limf\u00e1tico\" class=\"wp-image-116\" style=\"aspect-ratio:3\/4;object-fit:cover\" srcset=\"https:\/\/aldaestetica.com\/wp-content\/uploads\/2023\/12\/drenatge-linfatic-500x333.jpg 500w, https:\/\/aldaestetica.com\/wp-content\/uploads\/2023\/12\/drenatge-linfatic-768x512.jpg 768w, https:\/\/aldaestetica.com\/wp-content\/uploads\/2023\/12\/drenatge-linfatic-50x33.jpg 50w, https:\/\/aldaestetica.com\/wp-content\/uploads\/2023\/12\/drenatge-linfatic-1536x1024.jpg 1536w, https:\/\/aldaestetica.com\/wp-content\/uploads\/2023\/12\/drenatge-linfatic-300x200.jpg 300w, https:\/\/aldaestetica.com\/wp-content\/uploads\/2023\/12\/drenatge-linfatic.jpg 1600w\" sizes=\"(max-width: 500px) 100vw, 500px\" \/><\/figure>\n\n\n\n<div class=\"wp-block-group tractaments__item__text is-vertical is-layout-flex wp-container-core-group-layout-15 wp-block-group-is-layout-flex\">\n<h2 class=\"wp-block-heading tractaments__item__title\">Drenaje limf\u00e1tico<\/h2>\n\n\n\n<p class=\"tractaments__item__description\">Tratamiento con movimientos suaves para favorecer una mejor circulaci\u00f3n de la linfa.<\/p>\n\n\n\n<p class=\"tractaments__item__duration\"><strong>Duraci\u00f3n 60&#8242;<\/strong><\/p>\n<\/div>\n<\/div>\n<\/div>\n\n\n\n<div class=\"wp-block-group tractaments__item is-layout-constrained wp-block-group-is-layout-constrained\">\n<div class=\"wp-block-group tractaments__item__inner has-gray-light-background-color has-background is-nowrap is-layout-flex wp-container-core-group-layout-19 wp-block-group-is-layout-flex\">\n<figure class=\"wp-block-image size-full tractaments__item__imatge\"><img loading=\"lazy\" decoding=\"async\" width=\"1024\" height=\"1024\" src=\"https:\/\/aldaestetica.com\/wp-content\/uploads\/2023\/12\/peeling-corporal-con-hidratacion-1.jpg\" alt=\"Peeling corporal con hidrataci\u00f3n\" class=\"wp-image-291\" style=\"aspect-ratio:3\/4;object-fit:cover\" srcset=\"https:\/\/aldaestetica.com\/wp-content\/uploads\/2023\/12\/peeling-corporal-con-hidratacion-1.jpg 1024w, https:\/\/aldaestetica.com\/wp-content\/uploads\/2023\/12\/peeling-corporal-con-hidratacion-1-500x500.jpg 500w, https:\/\/aldaestetica.com\/wp-content\/uploads\/2023\/12\/peeling-corporal-con-hidratacion-1-150x150.jpg 150w, https:\/\/aldaestetica.com\/wp-content\/uploads\/2023\/12\/peeling-corporal-con-hidratacion-1-768x768.jpg 768w, https:\/\/aldaestetica.com\/wp-content\/uploads\/2023\/12\/peeling-corporal-con-hidratacion-1-50x50.jpg 50w, https:\/\/aldaestetica.com\/wp-content\/uploads\/2023\/12\/peeling-corporal-con-hidratacion-1-300x300.jpg 300w\" sizes=\"(max-width: 1024px) 100vw, 1024px\" \/><\/figure>\n\n\n\n<div class=\"wp-block-group tractaments__item__text is-vertical is-layout-flex wp-container-core-group-layout-18 wp-block-group-is-layout-flex\">\n<h2 class=\"wp-block-heading tractaments__item__title\">Peeling corporal con hidrataci\u00f3n<\/h2>\n\n\n\n<p class=\"tractaments__item__description\">Tratamiento para exfoliar la capa m\u00e1s externa de la piel para devolverle la luminosidad y la suavidad, acabando con un masaje hidratante.&nbsp;<\/p>\n\n\n\n<p class=\"tractaments__item__duration\"><strong>Duraci\u00f3n 60&#8242;<\/strong><\/p>\n<\/div>\n<\/div>\n<\/div>\n\n\n\n<div class=\"wp-block-group tractaments__item is-layout-constrained wp-block-group-is-layout-constrained\">\n<div class=\"wp-block-group tractaments__item__inner has-gray-light-background-color has-background is-nowrap is-layout-flex wp-container-core-group-layout-22 wp-block-group-is-layout-flex\">\n<figure class=\"wp-block-image size-medium tractaments__item__imatge\"><img loading=\"lazy\" decoding=\"async\" width=\"500\" height=\"339\" src=\"https:\/\/aldaestetica.com\/wp-content\/uploads\/2023\/12\/relaxant-amb-olis-500x339.jpg\" alt=\"Relajante todo el cuerpo con aceites Bio ecol\u00f3gicos\" class=\"wp-image-120\" style=\"aspect-ratio:3\/4;object-fit:cover\" srcset=\"https:\/\/aldaestetica.com\/wp-content\/uploads\/2023\/12\/relaxant-amb-olis-500x339.jpg 500w, https:\/\/aldaestetica.com\/wp-content\/uploads\/2023\/12\/relaxant-amb-olis-50x34.jpg 50w, https:\/\/aldaestetica.com\/wp-content\/uploads\/2023\/12\/relaxant-amb-olis-300x204.jpg 300w, https:\/\/aldaestetica.com\/wp-content\/uploads\/2023\/12\/relaxant-amb-olis.jpg 600w\" sizes=\"(max-width: 500px) 100vw, 500px\" \/><\/figure>\n\n\n\n<div class=\"wp-block-group tractaments__item__text is-vertical is-layout-flex wp-container-core-group-layout-21 wp-block-group-is-layout-flex\">\n<h2 class=\"wp-block-heading tractaments__item__title\">Relajante todo el cuerpo con aceites Bio ecol\u00f3gicos<\/h2>\n\n\n\n<p class=\"tractaments__item__description\">Masaje con aceites ecol\u00f3gicos para aliviar la tensi\u00f3n y conseguir un estado de relajaci\u00f3n total.<\/p>\n\n\n\n<p class=\"tractaments__item__duration\"><strong>Duraci\u00f3n 60&#8242;<\/strong><\/p>\n<\/div>\n<\/div>\n<\/div>\n\n\n\n<div class=\"wp-block-group tractaments__item is-layout-constrained wp-block-group-is-layout-constrained\">\n<div class=\"wp-block-group tractaments__item__inner has-gray-light-background-color has-background is-nowrap is-layout-flex wp-container-core-group-layout-25 wp-block-group-is-layout-flex\">\n<figure class=\"wp-block-image size-full tractaments__item__imatge\"><img loading=\"lazy\" decoding=\"async\" width=\"500\" height=\"500\" src=\"https:\/\/aldaestetica.com\/wp-content\/uploads\/2023\/12\/reflexologia.jpg\" alt=\"Reflexolog\u00eda\" class=\"wp-image-122\" style=\"aspect-ratio:3\/4;object-fit:cover\" srcset=\"https:\/\/aldaestetica.com\/wp-content\/uploads\/2023\/12\/reflexologia.jpg 500w, https:\/\/aldaestetica.com\/wp-content\/uploads\/2023\/12\/reflexologia-150x150.jpg 150w, https:\/\/aldaestetica.com\/wp-content\/uploads\/2023\/12\/reflexologia-50x50.jpg 50w, https:\/\/aldaestetica.com\/wp-content\/uploads\/2023\/12\/reflexologia-300x300.jpg 300w\" sizes=\"(max-width: 500px) 100vw, 500px\" \/><\/figure>\n\n\n\n<div class=\"wp-block-group tractaments__item__text is-vertical is-layout-flex wp-container-core-group-layout-24 wp-block-group-is-layout-flex\">\n<h2 class=\"wp-block-heading tractaments__item__title\">Reflexolog\u00eda<\/h2>\n\n\n\n<p class=\"tractaments__item__description\">Tratamiento donde se estimulan las zonasreflejas de manos y pies para estumular la circulaci\u00f3n, potenciar el sistema inmunol\u00f3gico, eliminar toxinas y producir un efecto de alivio del dolor.<\/p>\n\n\n\n<p class=\"tractaments__item__duration\"><strong>Duraci\u00f3n 60&#8242;<\/strong><\/p>\n<\/div>\n<\/div>\n<\/div>\n\n\n\n<div class=\"wp-block-group tractaments__item is-layout-constrained wp-block-group-is-layout-constrained\">\n<div class=\"wp-block-group tractaments__item__inner has-gray-light-background-color has-background is-nowrap is-layout-flex wp-container-core-group-layout-28 wp-block-group-is-layout-flex\">\n<figure class=\"wp-block-image size-medium tractaments__item__imatge\"><img loading=\"lazy\" decoding=\"async\" width=\"500\" height=\"311\" src=\"https:\/\/aldaestetica.com\/wp-content\/uploads\/2023\/12\/ritual-son-500x311.jpg\" alt=\"Ritual del sue\u00f1o\" class=\"wp-image-124\" style=\"aspect-ratio:3\/4;object-fit:cover\" srcset=\"https:\/\/aldaestetica.com\/wp-content\/uploads\/2023\/12\/ritual-son-500x311.jpg 500w, https:\/\/aldaestetica.com\/wp-content\/uploads\/2023\/12\/ritual-son-768x478.jpg 768w, https:\/\/aldaestetica.com\/wp-content\/uploads\/2023\/12\/ritual-son-50x31.jpg 50w, https:\/\/aldaestetica.com\/wp-content\/uploads\/2023\/12\/ritual-son-300x187.jpg 300w, https:\/\/aldaestetica.com\/wp-content\/uploads\/2023\/12\/ritual-son.jpg 906w\" sizes=\"(max-width: 500px) 100vw, 500px\" \/><\/figure>\n\n\n\n<div class=\"wp-block-group tractaments__item__text is-vertical is-layout-flex wp-container-core-group-layout-27 wp-block-group-is-layout-flex\">\n<h2 class=\"wp-block-heading tractaments__item__title\">Ritual del sue\u00f1o<\/h2>\n\n\n\n<p class=\"tractaments__item__description\">Masaje que actua sobre tres sentidos,&nbsp; el olfativo, el t\u00e1ctil y el auditivo para conseguir una relajaci\u00f3n profunda.<\/p>\n\n\n\n<p class=\"tractaments__item__duration\"><strong>Duraci\u00f3n 60&#8242;<\/strong><\/p>\n<\/div>\n<\/div>\n<\/div>\n\n\n\n<div class=\"wp-block-group tractaments__item is-layout-constrained wp-block-group-is-layout-constrained\">\n<div class=\"wp-block-group tractaments__item__inner has-gray-light-background-color has-background is-nowrap is-layout-flex wp-container-core-group-layout-31 wp-block-group-is-layout-flex\">\n<figure class=\"wp-block-image size-full tractaments__item__imatge\"><img loading=\"lazy\" decoding=\"async\" width=\"800\" height=\"1200\" src=\"https:\/\/aldaestetica.com\/wp-content\/uploads\/2023\/12\/ritual-salt-massage.jpeg\" alt=\"Ritual Salt massage (detox)\" class=\"wp-image-126\" style=\"aspect-ratio:3\/4;object-fit:cover\" srcset=\"https:\/\/aldaestetica.com\/wp-content\/uploads\/2023\/12\/ritual-salt-massage.jpeg 800w, https:\/\/aldaestetica.com\/wp-content\/uploads\/2023\/12\/ritual-salt-massage-333x500.jpeg 333w, https:\/\/aldaestetica.com\/wp-content\/uploads\/2023\/12\/ritual-salt-massage-768x1152.jpeg 768w, https:\/\/aldaestetica.com\/wp-content\/uploads\/2023\/12\/ritual-salt-massage-50x75.jpeg 50w, https:\/\/aldaestetica.com\/wp-content\/uploads\/2023\/12\/ritual-salt-massage-200x300.jpeg 200w\" sizes=\"(max-width: 800px) 100vw, 800px\" \/><\/figure>\n\n\n\n<div class=\"wp-block-group tractaments__item__text is-vertical is-layout-flex wp-container-core-group-layout-30 wp-block-group-is-layout-flex\">\n<h2 class=\"wp-block-heading tractaments__item__title\">Ritual Salt massage (detox)<\/h2>\n\n\n\n<p class=\"tractaments__item__description\">Tratamiento reparador y relajante que purifica tanto internamente como externamente.<\/p>\n\n\n\n<p class=\"tractaments__item__duration\"><strong>Duraci\u00f3n 60&#8242;<\/strong><\/p>\n<\/div>\n<\/div>\n<\/div>\n\n\n\n<div class=\"wp-block-group tractaments__item is-layout-constrained wp-block-group-is-layout-constrained\">\n<div class=\"wp-block-group tractaments__item__inner has-gray-light-background-color has-background is-nowrap is-layout-flex wp-container-core-group-layout-34 wp-block-group-is-layout-flex\">\n<figure class=\"wp-block-image size-medium tractaments__item__imatge\"><img loading=\"lazy\" decoding=\"async\" width=\"500\" height=\"500\" src=\"https:\/\/aldaestetica.com\/wp-content\/uploads\/2023\/12\/lomi-lomi-500x500.jpg\" alt=\"Lomi - Lomi hawaiano\" class=\"wp-image-128\" style=\"aspect-ratio:3\/4;object-fit:cover\" srcset=\"https:\/\/aldaestetica.com\/wp-content\/uploads\/2023\/12\/lomi-lomi-500x500.jpg 500w, https:\/\/aldaestetica.com\/wp-content\/uploads\/2023\/12\/lomi-lomi-150x150.jpg 150w, https:\/\/aldaestetica.com\/wp-content\/uploads\/2023\/12\/lomi-lomi-50x50.jpg 50w, https:\/\/aldaestetica.com\/wp-content\/uploads\/2023\/12\/lomi-lomi-300x300.jpg 300w, https:\/\/aldaestetica.com\/wp-content\/uploads\/2023\/12\/lomi-lomi.jpg 690w\" sizes=\"(max-width: 500px) 100vw, 500px\" \/><\/figure>\n\n\n\n<div class=\"wp-block-group tractaments__item__text is-vertical is-layout-flex wp-container-core-group-layout-33 wp-block-group-is-layout-flex\">\n<h2 class=\"wp-block-heading tractaments__item__title\">Lomi &#8211; Lomi hawaiano<\/h2>\n\n\n\n<p class=\"tractaments__item__description\">Tratamiento tambi\u00e9n llamado hawaiano y \u00e9s uno de los masajes m\u00e1s profundos a nivel muscular que se realizan para conseguir la armon\u00eda corporal total.<\/p>\n\n\n\n<p class=\"tractaments__item__duration\"><strong>Duraci\u00f3n 60&#8242;<\/strong><\/p>\n<\/div>\n<\/div>\n<\/div>\n<\/div>\n<\/section>\n","protected":false},"excerpt":{"rendered":"<p>Relajante con aceites esenciales Tratamiento para aliviar la tensi\u00f3n y conseguir un estado de relajaci\u00f3n total. Duraci\u00f3n 60&#8242; Relajante con piedras&nbsp;volc\u00e1nicas Tratamiento tambi\u00e9n llamado como geotermal. Es un tratamiento que combina&nbsp;el masaje terap\u00e9utico con la aplicaci\u00f3n de piedras calientes. Duraci\u00f3n 60&#8242; Relajante con chocolate Tratamiento para tonificar, reminalizar, nutrir e hidratar nuestra piel. Duraci\u00f3n 60&#8242; [&hellip;]<\/p>\n","protected":false},"author":1,"featured_media":0,"parent":257,"menu_order":14,"comment_status":"closed","ping_status":"closed","template":"","meta":{"_seopress_robots_primary_cat":"","inline_featured_image":false,"footnotes":""},"_links":{"self":[{"href":"https:\/\/aldaestetica.com\/es\/wp-json\/wp\/v2\/pages\/260"}],"collection":[{"href":"https:\/\/aldaestetica.com\/es\/wp-json\/wp\/v2\/pages"}],"about":[{"href":"https:\/\/aldaestetica.com\/es\/wp-json\/wp\/v2\/types\/page"}],"author":[{"embeddable":true,"href":"https:\/\/aldaestetica.com\/es\/wp-json\/wp\/v2\/users\/1"}],"replies":[{"embeddable":true,"href":"https:\/\/aldaestetica.com\/es\/wp-json\/wp\/v2\/comments?post=260"}],"version-history":[{"count":0,"href":"https:\/\/aldaestetica.com\/es\/wp-json\/wp\/v2\/pages\/260\/revisions"}],"up":[{"embeddable":true,"href":"https:\/\/aldaestetica.com\/es\/wp-json\/wp\/v2\/pages\/257"}],"wp:attachment":[{"href":"https:\/\/aldaestetica.com\/es\/wp-json\/wp\/v2\/media?parent=260"}],"curies":[{"name":"wp","href":"https:\/\/api.w.org\/{rel}","templated":true}]}}