{"id":264,"date":"2023-12-01T11:33:25","date_gmt":"2023-12-01T10:33:25","guid":{"rendered":"https:\/\/aldaestetica.com\/tractaments\/manicura-i-pedicura\/"},"modified":"2023-12-11T16:30:48","modified_gmt":"2023-12-11T15:30:48","slug":"manicura-y-pedicura","status":"publish","type":"page","link":"https:\/\/aldaestetica.com\/es\/tratamientos\/manicura-y-pedicura\/","title":{"rendered":"Manicura y pedicura"},"content":{"rendered":"\n<div class=\"wp-block-group alignfull is-style-section cabecera-pagina-wrapper is-layout-constrained wp-block-group-is-layout-constrained\">\n<div class=\"wp-block-group aligncenter cabecera-pagina is-layout-flow wp-block-group-is-layout-flow\"><h1 class=\"has-text-align-center cabecera-pagina__titulo wp-block-post-title has-huge-font-size has-headers-font-family\">Manicura y pedicura<\/h1><\/div>\n<\/div>\n\n\n\n<section class=\"wp-block-group alignwide is-style-section tractaments__wrapper is-layout-constrained wp-block-group-is-layout-constrained\">\n<div class=\"wp-block-group alignwide tractaments is-horizontal is-layout-flex wp-container-core-group-layout-24 wp-block-group-is-layout-flex\">\n<div class=\"wp-block-group tractaments__item is-layout-constrained wp-block-group-is-layout-constrained\">\n<div class=\"wp-block-group tractaments__item__inner has-gray-light-background-color has-background is-nowrap is-layout-flex wp-container-core-group-layout-4 wp-block-group-is-layout-flex\">\n<figure class=\"wp-block-image size-full tractaments__item__imatge\"><img loading=\"lazy\" decoding=\"async\" width=\"450\" height=\"347\" src=\"https:\/\/aldaestetica.com\/wp-content\/uploads\/2023\/12\/manicura-normal.jpg\" alt=\"Manicura normal\" class=\"wp-image-140\" style=\"aspect-ratio:3\/4;object-fit:cover\" srcset=\"https:\/\/aldaestetica.com\/wp-content\/uploads\/2023\/12\/manicura-normal.jpg 450w, https:\/\/aldaestetica.com\/wp-content\/uploads\/2023\/12\/manicura-normal-50x39.jpg 50w, https:\/\/aldaestetica.com\/wp-content\/uploads\/2023\/12\/manicura-normal-300x231.jpg 300w\" sizes=\"(max-width: 450px) 100vw, 450px\" \/><\/figure>\n\n\n\n<div class=\"wp-block-group tractaments__item__text is-vertical is-layout-flex wp-container-core-group-layout-3 wp-block-group-is-layout-flex\">\n<h2 class=\"wp-block-heading tractaments__item__title\">Manicura normal<\/h2>\n\n\n\n<p class=\"tractaments__item__description\"><\/p>\n\n\n\n<p class=\"tractaments__item__duration\"><\/p>\n<\/div>\n<\/div>\n<\/div>\n\n\n\n<div class=\"wp-block-group tractaments__item is-layout-constrained wp-block-group-is-layout-constrained\">\n<div class=\"wp-block-group tractaments__item__inner has-gray-light-background-color has-background is-nowrap is-layout-flex wp-container-core-group-layout-7 wp-block-group-is-layout-flex\">\n<figure class=\"wp-block-image size-medium tractaments__item__imatge\"><img loading=\"lazy\" decoding=\"async\" width=\"500\" height=\"500\" src=\"https:\/\/aldaestetica.com\/wp-content\/uploads\/2023\/12\/manicura-semipermanent-500x500.jpg\" alt=\"Manicura semipermanente\" class=\"wp-image-142\" style=\"aspect-ratio:3\/4;object-fit:cover\" srcset=\"https:\/\/aldaestetica.com\/wp-content\/uploads\/2023\/12\/manicura-semipermanent-500x500.jpg 500w, https:\/\/aldaestetica.com\/wp-content\/uploads\/2023\/12\/manicura-semipermanent-150x150.jpg 150w, https:\/\/aldaestetica.com\/wp-content\/uploads\/2023\/12\/manicura-semipermanent-50x50.jpg 50w, https:\/\/aldaestetica.com\/wp-content\/uploads\/2023\/12\/manicura-semipermanent-300x300.jpg 300w, https:\/\/aldaestetica.com\/wp-content\/uploads\/2023\/12\/manicura-semipermanent.jpg 767w\" sizes=\"(max-width: 500px) 100vw, 500px\" \/><\/figure>\n\n\n\n<div class=\"wp-block-group tractaments__item__text is-vertical is-layout-flex wp-container-core-group-layout-6 wp-block-group-is-layout-flex\">\n<h2 class=\"wp-block-heading tractaments__item__title\">Manicura semipermanente<\/h2>\n\n\n\n<p class=\"tractaments__item__description\"><\/p>\n\n\n\n<p class=\"tractaments__item__duration\"><\/p>\n<\/div>\n<\/div>\n<\/div>\n\n\n\n<div class=\"wp-block-group tractaments__item is-layout-constrained wp-block-group-is-layout-constrained\">\n<div class=\"wp-block-group tractaments__item__inner has-gray-light-background-color has-background is-nowrap is-layout-flex wp-container-core-group-layout-10 wp-block-group-is-layout-flex\">\n<figure class=\"wp-block-image size-medium tractaments__item__imatge\"><img loading=\"lazy\" decoding=\"async\" width=\"500\" height=\"376\" src=\"https:\/\/aldaestetica.com\/wp-content\/uploads\/2023\/12\/pedicura-spa-2-500x376.jpg\" alt=\"Pedicura Spa\" class=\"wp-image-149\" style=\"aspect-ratio:3\/4;object-fit:cover\" srcset=\"https:\/\/aldaestetica.com\/wp-content\/uploads\/2023\/12\/pedicura-spa-2-500x376.jpg 500w, https:\/\/aldaestetica.com\/wp-content\/uploads\/2023\/12\/pedicura-spa-2-50x38.jpg 50w, https:\/\/aldaestetica.com\/wp-content\/uploads\/2023\/12\/pedicura-spa-2-300x225.jpg 300w, https:\/\/aldaestetica.com\/wp-content\/uploads\/2023\/12\/pedicura-spa-2.jpg 652w\" sizes=\"(max-width: 500px) 100vw, 500px\" \/><\/figure>\n\n\n\n<div class=\"wp-block-group tractaments__item__text is-vertical is-layout-flex wp-container-core-group-layout-9 wp-block-group-is-layout-flex\">\n<h2 class=\"wp-block-heading tractaments__item__title\">Pedicura Spa<\/h2>\n\n\n\n<p class=\"tractaments__item__description\"><\/p>\n\n\n\n<p class=\"tractaments__item__duration\"><\/p>\n<\/div>\n<\/div>\n<\/div>\n\n\n\n<div class=\"wp-block-group tractaments__item is-layout-constrained wp-block-group-is-layout-constrained\">\n<div class=\"wp-block-group tractaments__item__inner has-gray-light-background-color has-background is-nowrap is-layout-flex wp-container-core-group-layout-13 wp-block-group-is-layout-flex\">\n<figure class=\"wp-block-image size-medium tractaments__item__imatge\"><img loading=\"lazy\" decoding=\"async\" width=\"500\" height=\"333\" src=\"https:\/\/aldaestetica.com\/wp-content\/uploads\/2023\/12\/pedicura-spa-500x333.jpg\" alt=\"Pedicura Spa semipermanente\" class=\"wp-image-144\" style=\"aspect-ratio:3\/4;object-fit:cover\" srcset=\"https:\/\/aldaestetica.com\/wp-content\/uploads\/2023\/12\/pedicura-spa-500x333.jpg 500w, https:\/\/aldaestetica.com\/wp-content\/uploads\/2023\/12\/pedicura-spa-768x512.jpg 768w, https:\/\/aldaestetica.com\/wp-content\/uploads\/2023\/12\/pedicura-spa-50x33.jpg 50w, https:\/\/aldaestetica.com\/wp-content\/uploads\/2023\/12\/pedicura-spa-300x200.jpg 300w, https:\/\/aldaestetica.com\/wp-content\/uploads\/2023\/12\/pedicura-spa.jpg 992w\" sizes=\"(max-width: 500px) 100vw, 500px\" \/><\/figure>\n\n\n\n<div class=\"wp-block-group tractaments__item__text is-vertical is-layout-flex wp-container-core-group-layout-12 wp-block-group-is-layout-flex\">\n<h2 class=\"wp-block-heading tractaments__item__title\">Pedicura Spa semipermanente<\/h2>\n\n\n\n<p class=\"tractaments__item__description\"><\/p>\n\n\n\n<p class=\"tractaments__item__duration\"><\/p>\n<\/div>\n<\/div>\n<\/div>\n\n\n\n<div class=\"wp-block-group tractaments__item is-layout-constrained wp-block-group-is-layout-constrained\">\n<div class=\"wp-block-group tractaments__item__inner has-gray-light-background-color has-background is-nowrap is-layout-flex wp-container-core-group-layout-16 wp-block-group-is-layout-flex\">\n<figure class=\"wp-block-image size-medium tractaments__item__imatge\"><img loading=\"lazy\" decoding=\"async\" width=\"500\" height=\"483\" src=\"https:\/\/aldaestetica.com\/wp-content\/uploads\/2023\/12\/decoracio-ungles-500x483.jpg\" alt=\"Decoraci\u00f3n u\u00f1as\" class=\"wp-image-151\" style=\"aspect-ratio:3\/4;object-fit:cover\" srcset=\"https:\/\/aldaestetica.com\/wp-content\/uploads\/2023\/12\/decoracio-ungles-500x483.jpg 500w, https:\/\/aldaestetica.com\/wp-content\/uploads\/2023\/12\/decoracio-ungles-50x48.jpg 50w, https:\/\/aldaestetica.com\/wp-content\/uploads\/2023\/12\/decoracio-ungles-300x290.jpg 300w, https:\/\/aldaestetica.com\/wp-content\/uploads\/2023\/12\/decoracio-ungles.jpg 600w\" sizes=\"(max-width: 500px) 100vw, 500px\" \/><\/figure>\n\n\n\n<div class=\"wp-block-group tractaments__item__text is-vertical is-layout-flex wp-container-core-group-layout-15 wp-block-group-is-layout-flex\">\n<h2 class=\"wp-block-heading tractaments__item__title\">Decoraci\u00f3n u\u00f1as<\/h2>\n\n\n\n<p class=\"tractaments__item__description\"><\/p>\n\n\n\n<p class=\"tractaments__item__duration\"><\/p>\n<\/div>\n<\/div>\n<\/div>\n\n\n\n<div class=\"wp-block-group tractaments__item is-layout-constrained wp-block-group-is-layout-constrained\">\n<div class=\"wp-block-group tractaments__item__inner has-gray-light-background-color has-background is-nowrap is-layout-flex wp-container-core-group-layout-19 wp-block-group-is-layout-flex\">\n<figure class=\"wp-block-image size-medium tractaments__item__imatge\"><img loading=\"lazy\" decoding=\"async\" width=\"500\" height=\"286\" src=\"https:\/\/aldaestetica.com\/wp-content\/uploads\/2023\/12\/peeling-mans-peus-500x286.png\" alt=\"Peeling manos y pies\" class=\"wp-image-153\" style=\"aspect-ratio:3\/4;object-fit:cover\" srcset=\"https:\/\/aldaestetica.com\/wp-content\/uploads\/2023\/12\/peeling-mans-peus-500x286.png 500w, https:\/\/aldaestetica.com\/wp-content\/uploads\/2023\/12\/peeling-mans-peus-768x439.png 768w, https:\/\/aldaestetica.com\/wp-content\/uploads\/2023\/12\/peeling-mans-peus-50x29.png 50w, https:\/\/aldaestetica.com\/wp-content\/uploads\/2023\/12\/peeling-mans-peus-300x171.png 300w, https:\/\/aldaestetica.com\/wp-content\/uploads\/2023\/12\/peeling-mans-peus.png 1050w\" sizes=\"(max-width: 500px) 100vw, 500px\" \/><\/figure>\n\n\n\n<div class=\"wp-block-group tractaments__item__text is-vertical is-layout-flex wp-container-core-group-layout-18 wp-block-group-is-layout-flex\">\n<h2 class=\"wp-block-heading tractaments__item__title\">Peeling manos y pies<\/h2>\n\n\n\n<p class=\"tractaments__item__description\"><\/p>\n\n\n\n<p class=\"tractaments__item__duration\"><\/p>\n<\/div>\n<\/div>\n<\/div>\n\n\n\n<div class=\"wp-block-group tractaments__item is-layout-constrained wp-block-group-is-layout-constrained\">\n<div class=\"wp-block-group tractaments__item__inner has-gray-light-background-color has-background is-nowrap is-layout-flex wp-container-core-group-layout-22 wp-block-group-is-layout-flex\">\n<figure class=\"wp-block-image size-medium tractaments__item__imatge\"><img loading=\"lazy\" decoding=\"async\" width=\"500\" height=\"500\" src=\"https:\/\/aldaestetica.com\/wp-content\/uploads\/2023\/12\/banys-parafina-500x500.jpg\" alt=\"Ba\u00f1o de parafina + hidrataci\u00f3n\" class=\"wp-image-155\" style=\"aspect-ratio:3\/4;object-fit:cover\" srcset=\"https:\/\/aldaestetica.com\/wp-content\/uploads\/2023\/12\/banys-parafina-500x500.jpg 500w, https:\/\/aldaestetica.com\/wp-content\/uploads\/2023\/12\/banys-parafina-150x150.jpg 150w, https:\/\/aldaestetica.com\/wp-content\/uploads\/2023\/12\/banys-parafina-768x768.jpg 768w, https:\/\/aldaestetica.com\/wp-content\/uploads\/2023\/12\/banys-parafina-50x50.jpg 50w, https:\/\/aldaestetica.com\/wp-content\/uploads\/2023\/12\/banys-parafina-300x300.jpg 300w, https:\/\/aldaestetica.com\/wp-content\/uploads\/2023\/12\/banys-parafina.jpg 960w\" sizes=\"(max-width: 500px) 100vw, 500px\" \/><\/figure>\n\n\n\n<div class=\"wp-block-group tractaments__item__text is-vertical is-layout-flex wp-container-core-group-layout-21 wp-block-group-is-layout-flex\">\n<h2 class=\"wp-block-heading tractaments__item__title\">Ba\u00f1o de parafina + hidrataci\u00f3n<\/h2>\n\n\n\n<p class=\"tractaments__item__description\"><\/p>\n\n\n\n<p class=\"tractaments__item__duration\"><\/p>\n<\/div>\n<\/div>\n<\/div>\n<\/div>\n<\/section>\n","protected":false},"excerpt":{"rendered":"<p>Manicura normal Manicura semipermanente Pedicura Spa Pedicura Spa semipermanente Decoraci\u00f3n u\u00f1as Peeling manos y pies Ba\u00f1o de parafina + hidrataci\u00f3n<\/p>\n","protected":false},"author":1,"featured_media":0,"parent":257,"menu_order":18,"comment_status":"closed","ping_status":"closed","template":"","meta":{"_seopress_robots_primary_cat":"","inline_featured_image":false,"footnotes":""},"_links":{"self":[{"href":"https:\/\/aldaestetica.com\/es\/wp-json\/wp\/v2\/pages\/264"}],"collection":[{"href":"https:\/\/aldaestetica.com\/es\/wp-json\/wp\/v2\/pages"}],"about":[{"href":"https:\/\/aldaestetica.com\/es\/wp-json\/wp\/v2\/types\/page"}],"author":[{"embeddable":true,"href":"https:\/\/aldaestetica.com\/es\/wp-json\/wp\/v2\/users\/1"}],"replies":[{"embeddable":true,"href":"https:\/\/aldaestetica.com\/es\/wp-json\/wp\/v2\/comments?post=264"}],"version-history":[{"count":0,"href":"https:\/\/aldaestetica.com\/es\/wp-json\/wp\/v2\/pages\/264\/revisions"}],"up":[{"embeddable":true,"href":"https:\/\/aldaestetica.com\/es\/wp-json\/wp\/v2\/pages\/257"}],"wp:attachment":[{"href":"https:\/\/aldaestetica.com\/es\/wp-json\/wp\/v2\/media?parent=264"}],"curies":[{"name":"wp","href":"https:\/\/api.w.org\/{rel}","templated":true}]}}