{"id":265,"date":"2023-12-01T11:33:47","date_gmt":"2023-12-01T10:33:47","guid":{"rendered":"https:\/\/aldaestetica.com\/tractaments\/altres-serveis\/"},"modified":"2023-12-11T16:35:13","modified_gmt":"2023-12-11T15:35:13","slug":"otros-servicios","status":"publish","type":"page","link":"https:\/\/aldaestetica.com\/es\/tratamientos\/otros-servicios\/","title":{"rendered":"Otros servicios"},"content":{"rendered":"\n<div class=\"wp-block-group alignfull is-style-section cabecera-pagina-wrapper is-layout-constrained wp-block-group-is-layout-constrained\">\n<div class=\"wp-block-group aligncenter cabecera-pagina is-layout-flow wp-block-group-is-layout-flow\"><h1 class=\"has-text-align-center cabecera-pagina__titulo wp-block-post-title has-huge-font-size has-headers-font-family\">Otros servicios<\/h1><\/div>\n<\/div>\n\n\n\n<section class=\"wp-block-group alignwide is-style-section tractaments__wrapper is-layout-constrained wp-block-group-is-layout-constrained\">\n<div class=\"wp-block-group alignwide tractaments is-horizontal is-layout-flex wp-container-core-group-layout-18 wp-block-group-is-layout-flex\">\n<div class=\"wp-block-group tractaments__item is-layout-constrained wp-block-group-is-layout-constrained\">\n<div class=\"wp-block-group tractaments__item__inner has-gray-light-background-color has-background is-nowrap is-layout-flex wp-container-core-group-layout-4 wp-block-group-is-layout-flex\">\n<figure class=\"wp-block-image size-medium tractaments__item__imatge\"><img loading=\"lazy\" decoding=\"async\" width=\"500\" height=\"500\" src=\"https:\/\/aldaestetica.com\/wp-content\/uploads\/2023\/12\/microblading-500x500.jpg\" alt=\"Microblading\" class=\"wp-image-166\" style=\"aspect-ratio:3\/4;object-fit:cover\" srcset=\"https:\/\/aldaestetica.com\/wp-content\/uploads\/2023\/12\/microblading-500x500.jpg 500w, https:\/\/aldaestetica.com\/wp-content\/uploads\/2023\/12\/microblading-150x150.jpg 150w, https:\/\/aldaestetica.com\/wp-content\/uploads\/2023\/12\/microblading-50x50.jpg 50w, https:\/\/aldaestetica.com\/wp-content\/uploads\/2023\/12\/microblading-300x300.jpg 300w, https:\/\/aldaestetica.com\/wp-content\/uploads\/2023\/12\/microblading.jpg 600w\" sizes=\"(max-width: 500px) 100vw, 500px\" \/><\/figure>\n\n\n\n<div class=\"wp-block-group tractaments__item__text is-vertical is-layout-flex wp-container-core-group-layout-3 wp-block-group-is-layout-flex\">\n<h2 class=\"wp-block-heading tractaments__item__title\">Microblading<\/h2>\n\n\n\n<p class=\"tractaments__item__description\">Correguimos o reconstruimos completamente una ceja falta o ausente de pelo.<\/p>\n\n\n\n<p class=\"tractaments__item__duration\"><\/p>\n<\/div>\n<\/div>\n<\/div>\n\n\n\n<div class=\"wp-block-group tractaments__item is-layout-constrained wp-block-group-is-layout-constrained\">\n<div class=\"wp-block-group tractaments__item__inner has-gray-light-background-color has-background is-nowrap is-layout-flex wp-container-core-group-layout-7 wp-block-group-is-layout-flex\">\n<figure class=\"wp-block-image size-medium tractaments__item__imatge\"><img loading=\"lazy\" decoding=\"async\" width=\"416\" height=\"500\" src=\"https:\/\/aldaestetica.com\/wp-content\/uploads\/2023\/12\/bronzejat-sucre-416x500.jpg\" alt=\"Bronceado con ca\u00f1a de az\u00facar\" class=\"wp-image-164\" style=\"aspect-ratio:3\/4;object-fit:cover\" srcset=\"https:\/\/aldaestetica.com\/wp-content\/uploads\/2023\/12\/bronzejat-sucre-416x500.jpg 416w, https:\/\/aldaestetica.com\/wp-content\/uploads\/2023\/12\/bronzejat-sucre-50x60.jpg 50w, https:\/\/aldaestetica.com\/wp-content\/uploads\/2023\/12\/bronzejat-sucre-250x300.jpg 250w, https:\/\/aldaestetica.com\/wp-content\/uploads\/2023\/12\/bronzejat-sucre.jpg 499w\" sizes=\"(max-width: 416px) 100vw, 416px\" \/><\/figure>\n\n\n\n<div class=\"wp-block-group tractaments__item__text is-vertical is-layout-flex wp-container-core-group-layout-6 wp-block-group-is-layout-flex\">\n<h2 class=\"wp-block-heading tractaments__item__title\">Bronceado con ca\u00f1a de az\u00facar<\/h2>\n\n\n\n<p class=\"tractaments__item__description\">Alternativa r\u00e1pida y segura a la hora de lucir bronceado de manera 100% natural y que resulta inocuo para la piel.&nbsp;<\/p>\n\n\n\n<p class=\"tractaments__item__duration\"><\/p>\n<\/div>\n<\/div>\n<\/div>\n\n\n\n<div class=\"wp-block-group tractaments__item is-layout-constrained wp-block-group-is-layout-constrained\">\n<div class=\"wp-block-group tractaments__item__inner has-gray-light-background-color has-background is-nowrap is-layout-flex wp-container-core-group-layout-10 wp-block-group-is-layout-flex\">\n<figure class=\"wp-block-image size-medium tractaments__item__imatge\"><img loading=\"lazy\" decoding=\"async\" width=\"500\" height=\"331\" src=\"https:\/\/aldaestetica.com\/wp-content\/uploads\/2023\/12\/tint-pestanes-500x331.jpg\" alt=\"Tinte y permanente de pesta\u00f1as\" class=\"wp-image-162\" style=\"aspect-ratio:3\/4;object-fit:cover\" srcset=\"https:\/\/aldaestetica.com\/wp-content\/uploads\/2023\/12\/tint-pestanes-500x331.jpg 500w, https:\/\/aldaestetica.com\/wp-content\/uploads\/2023\/12\/tint-pestanes-768x509.jpg 768w, https:\/\/aldaestetica.com\/wp-content\/uploads\/2023\/12\/tint-pestanes-50x33.jpg 50w, https:\/\/aldaestetica.com\/wp-content\/uploads\/2023\/12\/tint-pestanes-300x199.jpg 300w, https:\/\/aldaestetica.com\/wp-content\/uploads\/2023\/12\/tint-pestanes.jpg 1024w\" sizes=\"(max-width: 500px) 100vw, 500px\" \/><\/figure>\n\n\n\n<div class=\"wp-block-group tractaments__item__text is-vertical is-layout-flex wp-container-core-group-layout-9 wp-block-group-is-layout-flex\">\n<h2 class=\"wp-block-heading tractaments__item__title\">Tinte y permanente de pesta\u00f1as<\/h2>\n\n\n\n<p class=\"tractaments__item__description\">T\u00e9cnica que permite que las pesta\u00f1as tengan una curvatura que realzar\u00e1&nbsp;la mirada.<\/p>\n\n\n\n<p class=\"tractaments__item__duration\"><\/p>\n<\/div>\n<\/div>\n<\/div>\n\n\n\n<div class=\"wp-block-group tractaments__item is-layout-constrained wp-block-group-is-layout-constrained\">\n<div class=\"wp-block-group tractaments__item__inner has-gray-light-background-color has-background is-nowrap is-layout-flex wp-container-core-group-layout-13 wp-block-group-is-layout-flex\">\n<figure class=\"wp-block-image size-medium tractaments__item__imatge\"><img loading=\"lazy\" decoding=\"async\" width=\"500\" height=\"375\" src=\"https:\/\/aldaestetica.com\/wp-content\/uploads\/2023\/12\/extensio-pestanes-500x375.jpg\" alt=\"Extensi\u00f3n de pesta\u00f1as\" class=\"wp-image-160\" style=\"aspect-ratio:3\/4;object-fit:cover\" srcset=\"https:\/\/aldaestetica.com\/wp-content\/uploads\/2023\/12\/extensio-pestanes-500x375.jpg 500w, https:\/\/aldaestetica.com\/wp-content\/uploads\/2023\/12\/extensio-pestanes-50x38.jpg 50w, https:\/\/aldaestetica.com\/wp-content\/uploads\/2023\/12\/extensio-pestanes-300x225.jpg 300w, https:\/\/aldaestetica.com\/wp-content\/uploads\/2023\/12\/extensio-pestanes.jpg 560w\" sizes=\"(max-width: 500px) 100vw, 500px\" \/><\/figure>\n\n\n\n<div class=\"wp-block-group tractaments__item__text is-vertical is-layout-flex wp-container-core-group-layout-12 wp-block-group-is-layout-flex\">\n<h2 class=\"wp-block-heading tractaments__item__title\">Extensi\u00f3n de pesta\u00f1as<\/h2>\n\n\n\n<p class=\"tractaments__item__description\">Mejoramos la longitud, curvatura, cantidad y grosor de la pesta\u00f1a natural.<\/p>\n\n\n\n<p class=\"tractaments__item__duration\"><\/p>\n<\/div>\n<\/div>\n<\/div>\n\n\n\n<div class=\"wp-block-group tractaments__item is-layout-constrained wp-block-group-is-layout-constrained\">\n<div class=\"wp-block-group tractaments__item__inner has-gray-light-background-color has-background is-nowrap is-layout-flex wp-container-core-group-layout-16 wp-block-group-is-layout-flex\">\n<figure class=\"wp-block-image size-full tractaments__item__imatge\"><img loading=\"lazy\" decoding=\"async\" width=\"500\" height=\"500\" src=\"https:\/\/aldaestetica.com\/wp-content\/uploads\/2023\/12\/maquillage.webp\" alt=\"Maquillaje\" class=\"wp-image-158\" style=\"aspect-ratio:3\/4;object-fit:cover\" srcset=\"https:\/\/aldaestetica.com\/wp-content\/uploads\/2023\/12\/maquillage.webp 500w, https:\/\/aldaestetica.com\/wp-content\/uploads\/2023\/12\/maquillage-150x150.webp 150w, https:\/\/aldaestetica.com\/wp-content\/uploads\/2023\/12\/maquillage-50x50.webp 50w, https:\/\/aldaestetica.com\/wp-content\/uploads\/2023\/12\/maquillage-300x300.webp 300w\" sizes=\"(max-width: 500px) 100vw, 500px\" \/><\/figure>\n\n\n\n<div class=\"wp-block-group tractaments__item__text is-vertical is-layout-flex wp-container-core-group-layout-15 wp-block-group-is-layout-flex\">\n<h2 class=\"wp-block-heading tractaments__item__title\">Maquillaje<\/h2>\n\n\n\n<p class=\"tractaments__item__description\"><\/p>\n\n\n\n<p class=\"tractaments__item__duration\"><\/p>\n<\/div>\n<\/div>\n<\/div>\n<\/div>\n<\/section>\n","protected":false},"excerpt":{"rendered":"<p>Microblading Correguimos o reconstruimos completamente una ceja falta o ausente de pelo. Bronceado con ca\u00f1a de az\u00facar Alternativa r\u00e1pida y segura a la hora de lucir bronceado de manera 100% natural y que resulta inocuo para la piel.&nbsp; Tinte y permanente de pesta\u00f1as T\u00e9cnica que permite que las pesta\u00f1as tengan una curvatura que realzar\u00e1&nbsp;la mirada. [&hellip;]<\/p>\n","protected":false},"author":1,"featured_media":0,"parent":257,"menu_order":16,"comment_status":"closed","ping_status":"closed","template":"","meta":{"_seopress_robots_primary_cat":"","inline_featured_image":false,"footnotes":""},"_links":{"self":[{"href":"https:\/\/aldaestetica.com\/es\/wp-json\/wp\/v2\/pages\/265"}],"collection":[{"href":"https:\/\/aldaestetica.com\/es\/wp-json\/wp\/v2\/pages"}],"about":[{"href":"https:\/\/aldaestetica.com\/es\/wp-json\/wp\/v2\/types\/page"}],"author":[{"embeddable":true,"href":"https:\/\/aldaestetica.com\/es\/wp-json\/wp\/v2\/users\/1"}],"replies":[{"embeddable":true,"href":"https:\/\/aldaestetica.com\/es\/wp-json\/wp\/v2\/comments?post=265"}],"version-history":[{"count":0,"href":"https:\/\/aldaestetica.com\/es\/wp-json\/wp\/v2\/pages\/265\/revisions"}],"up":[{"embeddable":true,"href":"https:\/\/aldaestetica.com\/es\/wp-json\/wp\/v2\/pages\/257"}],"wp:attachment":[{"href":"https:\/\/aldaestetica.com\/es\/wp-json\/wp\/v2\/media?parent=265"}],"curies":[{"name":"wp","href":"https:\/\/api.w.org\/{rel}","templated":true}]}}