{"id":286,"date":"2023-12-04T16:16:24","date_gmt":"2023-12-04T15:16:24","guid":{"rendered":"https:\/\/aldaestetica.com\/politica-de-cookies\/"},"modified":"2023-12-05T17:47:59","modified_gmt":"2023-12-05T16:47:59","slug":"politica-de-cookies","status":"publish","type":"page","link":"https:\/\/aldaestetica.com\/es\/politica-de-cookies\/","title":{"rendered":"Pol\u00edtica de cookies"},"content":{"rendered":"\n<div class=\"wp-block-group aligncenter is-style-section is-layout-constrained wp-block-group-is-layout-constrained\" style=\"margin-bottom:4vh;padding-bottom:4vh\"><h1 style=\"padding-top:var(--wp--preset--spacing--40);padding-bottom:0;margin-bottom:1.6rem;\" class=\"has-text-align-left wp-block-post-title has-huge-font-size has-headers-font-family\">Pol\u00edtica de cookies<\/h1>\n\n\n<p>A causa de l&#8217;entrada en vigor de la referent modificaci\u00f3 de la \u00abLlei de Serveis de la Societat de la Informaci\u00f3\u00bb (LSSICE) establerta pel Reial Decret 13\/2012, \u00e9s d&#8217;obligaci\u00f3 obtenir el consentiment expr\u00e9s de l&#8217;usuari de totes les p\u00e0gines web que utilitzen cookies prescindibles, abans que aquest navegui per elles.<\/p>\n\n\n\n<h4 class=\"wp-block-heading\">QU\u00c8 S\u00d3N LES COOKIES?<\/h4>\n\n\n\n<p>Les cookies i altres tecnologies similars tals com a local shared objects, flash cookies o p\u00edxels, s\u00f3n eines emprades pels servidors web per emmagatzemar i recuperar informaci\u00f3 sobre els seus visitants, aix\u00ed com per oferir un correcte funcionament del lloc.<\/p>\n\n\n\n<p>Mitjan\u00e7ant l&#8217;\u00fas d&#8217;aquests dispositius es permet al servidor web recordar algunes dades concernents a l&#8217;usuari, com les seves prefer\u00e8ncies per a la visualitzaci\u00f3 de les p\u00e0gines d&#8217;aquest servidor, nom i contrasenya, productes que m\u00e9s li interessen, etc.<\/p>\n\n\n\n<h4 class=\"wp-block-heading\">COOKIES AFECTADES PER LA NORMATIVA I COOKIES EXEMPTES<\/h4>\n\n\n\n<p>Segons la directiva de la UE, les cookies que requereixen el consentiment informat per part de l&#8217;usuari s\u00f3n les cookies d&#8217;anal\u00edtica i les de publicitat i afiliaci\u00f3, quedant exceptuades les de car\u00e0cter t\u00e8cnic i les necess\u00e0ries per al funcionament del lloc web o la prestaci\u00f3 de serveis expressament demanats per l&#8217;usuari.<\/p>\n\n\n\n<h4 class=\"wp-block-heading\">QUIN TIPUS DE COOKIES HI HAN?<\/h4>\n\n\n\n<p>Sobre els tipus de galetes, hi ha cinc grans grups:<\/p>\n\n\n\n<ul>\n<li>Cookies anal\u00edtiques: recullen informaci\u00f3 de l&#8217;\u00fas que es realitza del lloc web.<\/li>\n\n\n\n<li>Cookies socials: s\u00f3n aquelles necess\u00e0ries per a xarxes socials externes.<\/li>\n\n\n\n<li>Cookies d&#8217;afiliats: permeten fer un seguiment de les visites procedents d&#8217;altres webs, amb les que el lloc web estableix un contracte d\u2018afiliaci\u00f3 (empreses d&#8217;afiliaci\u00f3).<\/li>\n\n\n\n<li>Cookies de publicitat i comportament: recullen informaci\u00f3 sobre les prefer\u00e8ncies i eleccions personals de l&#8217;usuari (retargeting).<\/li>\n\n\n\n<li>Cookies t\u00e8cniques i funcionals: s\u00f3n les estrictament necess\u00e0ries per a l&#8217;\u00fas del lloc web i per a la prestaci\u00f3 del servei contractat.<\/li>\n<\/ul>\n\n\n\n<h4 class=\"wp-block-heading\">COOKIES QUE UTILITZEM EN EL NOSTRE ESPAI WEB<\/h4>\n\n\n\n<p>PHPSESSID: cookie t\u00e8cnica i estrictament necess\u00e0ria que cont\u00e9 l&#8217;identificador de la sessi\u00f3. S&#8217;elimina en tancar el navegador.<\/p>\n\n\n\n<ul>\n<li>wp-wpml_current_language: cookie t\u00e8cnica i estrictament necess\u00e0ria que cont\u00e9 l&#8217;idioma de la sessi\u00f3. S&#8217;elimina en tancar el navegador.<\/li>\n\n\n\n<li>moove_gdpr_popup: cookie t\u00e8cnica i estrictament necess\u00e0ria que cont\u00e9 el valor de si s&#8217;ha acceptat la instal\u00b7laci\u00f3 de cookies. Caduca en 1 any des de l&#8217;\u00faltima actualitzaci\u00f3.<\/li>\n\n\n\n<li>_utma: cookie de Google Analytics que registra la data de la primera i \u00faltima vegada que l&#8217;usuari va visitar el lloc web. Caduca als 2 anys des de l&#8217;\u00faltima actualitzaci\u00f3. M\u00e9s informaci\u00f3 del tractament realizat per Google Analytics aqu\u00ed.<\/li>\n\n\n\n<li>_utmb: cookie de Google Analytics que registra l&#8217;hora d&#8217;arribada a la p\u00e0gina web. Caduca als 30 minuts des de l&#8217;\u00faltima actualitzaci\u00f3.<\/li>\n\n\n\n<li>_utmc: cookie de Google Analytics utilitzada per a la interoperabilitat amb el codi de seguiment urchin.js. S&#8217;elimina en tancar el navegador.<\/li>\n\n\n\n<li>_utmt: cookie de Google Analytics utilitzada per a processar el tipus de sol\u00b7licitud demanada per l&#8217;usuari. Caduca en finalitzar la sessi\u00f3.<\/li>\n\n\n\n<li>_utmv: cookie de Google Analytics utilitzada per a segmentar dades demogr\u00e0fiques. Caduca en finalitzar la sessi\u00f3.<\/li>\n\n\n\n<li>_utmz: cookie de Google Analytics que emmagatzema la font de tr\u00e0nsit o una campanya per explicar com l&#8217;usuari va arribar al lloc web. Caduca als 6 mesos des de l&#8217;\u00faltima actualitzaci\u00f3.<\/li>\n<\/ul>\n\n\n\n<h4 class=\"wp-block-heading\">REVOCACI\u00d3 DEL CONSENTIMENT PER INSTAL\u00b7LAR COOKIES<\/h4>\n\n\n\n<h5 class=\"wp-block-heading\">COM ELIMINAR LES COOKIES DEL NAVEGADOR<\/h5>\n\n\n\n<p><strong>Chrome<\/strong><\/p>\n\n\n\n<p>1. Seleccioneu la icona d&#8217;Eines<br>2. Feu clic a Configuraci\u00f3.<br>3. Fes clic a Mostra Opcions Avan\u00e7ades.<br>4. A la secci\u00f3 \u00abPrivadesa\u00bb feu clic a Configuraci\u00f3 de contingut.<br>\u2022 Suprimeix les galetes: Fes clic a Totes les galetes i dades del lloc &#8230;<br>\u2022 No permetre que s&#8217;emmagatzemin cookies.<br>5. Fes clic a Elimina les dades de navegaci\u00f3 (buidar la Mem\u00f2ria cau).<br>6. Tanca i reinicia el navegador.<\/p>\n\n\n\n<p>Per a m\u00e9s informaci\u00f3 sobre Chrome premi aqu\u00ed: http:\/\/support.google.com\/chrome\/answer\/95647?hl=es<\/p>\n\n\n\n<p><strong>Internet Explorer. Versi\u00f3 11<\/strong><\/p>\n\n\n\n<p>1. Selecciona Eines | Opcions d&#8217;Internet.<br>2. Fes clic a la pestanya General.<br>3. A la secci\u00f3 \u00abHistorial de navegaci\u00f3\u00bb, feu clic a Suprimeix l&#8217;historial d&#8217;exploraci\u00f3 al sortir.<br>4. Seleccionar Eliminar arxius.<br>5. Seleccionar Suprimeix les galetes.<br>6. Feu clic a Suprimeix.<br>7. Fes clic a D&#8217;acord.<br>8. Tanca i reinicia el navegador.<\/p>\n\n\n\n<p>Per a m\u00e9s informaci\u00f3 sobre Internet Explorer premi aqu\u00ed: http:\/\/windows.microsoft.com\/es-419\/windows7\/how-to-manage-cookies-in-internet-explorer-9<\/p>\n\n\n\n<p><strong>Firefox. Versi\u00f3 18<\/strong><\/p>\n\n\n\n<p>1. Selecciona Firefox | Historial | Neteja l&#8217;historial recent.<br>2. Al costat de \u00abDetalls\u00bb, fes clic a la fletxa cap avall.<br>3. Selecciona les seg\u00fcents caselles de verificaci\u00f3: galetes, Mem\u00f2ria cau, Inicis de sessi\u00f3 actius<br>4. Usant el \u00abPer\u00edode de temps per esborrar\u00bb al men\u00fa desplegable, selecciona Tot.<br>5. Feu clic a Neteja ara.<br>6. Tanca i reinicia el navegador.<\/p>\n\n\n\n<p>Pot acceptar o rebutjar les galetes individualment en les Prefer\u00e8ncies de Firefox, a la secci\u00f3 Historial disponible a Eines&gt; Opcions&gt; Privadesa.<\/p>\n\n\n\n<p>Per a m\u00e9s informaci\u00f3 sobre Mozilla Firefox premi aqu\u00ed: https:\/\/www.mozilla.org\/es-ES\/privacy\/websites\/#cookies<\/p>\n\n\n\n<p><strong>Safari Versi\u00f3 5.1<\/strong><\/p>\n\n\n\n<p>1. Seleccioneu la icona de Safari \/ Edita | Restaura Safari.<br>2. Selecciona les seg\u00fcents caselles de verificaci\u00f3: Esborrar l&#8217;historial, Eliminar totes les dades de lloc web<br>3. Fes clic a Restablir.<br>4. Tanca i reinicia el navegador.<\/p>\n\n\n\n<p>Per a m\u00e9s informaci\u00f3 sobre Safari premi aqu\u00ed: http:\/\/support.apple.com\/kb\/PH5042<\/p>\n\n\n\n<p><strong>Opera<\/strong><\/p>\n\n\n\n<p>Opcions &#8211; Avan\u00e7at &#8211; Galetes.<\/p>\n\n\n\n<p>Les opcions de cookies controlen la manera en qu\u00e8 Opera els maneja i per tant la seva acceptaci\u00f3 o rebuig.<br>Per a m\u00e9s informaci\u00f3 sobre \u00d2pera premi aqu\u00ed: http:\/\/help.opera.com\/Linux\/10.60\/es-ES\/cookies.html<\/p>\n\n\n\n<p><strong>Altres navegadors<\/strong><\/p>\n\n\n\n<p>Consulteu la documentaci\u00f3 del navegador que tingui instal\u00b7lat.<\/p>\n<\/div>\n","protected":false},"excerpt":{"rendered":"<p>A causa de l&#8217;entrada en vigor de la referent modificaci\u00f3 de la \u00abLlei de Serveis de la Societat de la Informaci\u00f3\u00bb (LSSICE) establerta pel Reial Decret 13\/2012, \u00e9s d&#8217;obligaci\u00f3 obtenir el consentiment expr\u00e9s de l&#8217;usuari de totes les p\u00e0gines web que utilitzen cookies prescindibles, abans que aquest navegui per elles. QU\u00c8 S\u00d3N LES COOKIES? Les [&hellip;]<\/p>\n","protected":false},"author":1,"featured_media":0,"parent":0,"menu_order":28,"comment_status":"closed","ping_status":"closed","template":"","meta":{"_seopress_robots_primary_cat":"","inline_featured_image":false,"footnotes":""},"_links":{"self":[{"href":"https:\/\/aldaestetica.com\/es\/wp-json\/wp\/v2\/pages\/286"}],"collection":[{"href":"https:\/\/aldaestetica.com\/es\/wp-json\/wp\/v2\/pages"}],"about":[{"href":"https:\/\/aldaestetica.com\/es\/wp-json\/wp\/v2\/types\/page"}],"author":[{"embeddable":true,"href":"https:\/\/aldaestetica.com\/es\/wp-json\/wp\/v2\/users\/1"}],"replies":[{"embeddable":true,"href":"https:\/\/aldaestetica.com\/es\/wp-json\/wp\/v2\/comments?post=286"}],"version-history":[{"count":0,"href":"https:\/\/aldaestetica.com\/es\/wp-json\/wp\/v2\/pages\/286\/revisions"}],"wp:attachment":[{"href":"https:\/\/aldaestetica.com\/es\/wp-json\/wp\/v2\/media?parent=286"}],"curies":[{"name":"wp","href":"https:\/\/api.w.org\/{rel}","templated":true}]}}